{"id":591,"date":"2019-04-22T18:14:12","date_gmt":"2019-04-22T16:14:12","guid":{"rendered":"http:\/\/www.pikniknauki.ur.edu.pl\/?page_id=591"},"modified":"2020-02-02T19:37:29","modified_gmt":"2020-02-02T18:37:29","slug":"program","status":"publish","type":"page","link":"https:\/\/www.pikniknauki.ur.edu.pl\/index.php\/pne-2019\/program\/","title":{"rendered":"PNE 2019 &#8211; PROGRAM"},"content":{"rendered":"<p style=\"text-align: justify;\"><strong><a href=\"https:\/\/www.pikniknauki.ur.edu.pl\/wp-content\/uploads\/2020\/02\/PNE2019-niski-bez-logo-1.jpg\"><img loading=\"lazy\" decoding=\"async\" class=\"alignnone wp-image-710\" src=\"https:\/\/www.pikniknauki.ur.edu.pl\/wp-content\/uploads\/2020\/02\/PNE2019-niski-bez-logo-1.jpg\" alt=\"\" width=\"998\" height=\"120\" srcset=\"https:\/\/www.pikniknauki.ur.edu.pl\/wp-content\/uploads\/2020\/02\/PNE2019-niski-bez-logo-1.jpg 3652w, https:\/\/www.pikniknauki.ur.edu.pl\/wp-content\/uploads\/2020\/02\/PNE2019-niski-bez-logo-1-300x36.jpg 300w, https:\/\/www.pikniknauki.ur.edu.pl\/wp-content\/uploads\/2020\/02\/PNE2019-niski-bez-logo-1-768x92.jpg 768w, https:\/\/www.pikniknauki.ur.edu.pl\/wp-content\/uploads\/2020\/02\/PNE2019-niski-bez-logo-1-1024x123.jpg 1024w, https:\/\/www.pikniknauki.ur.edu.pl\/wp-content\/uploads\/2020\/02\/PNE2019-niski-bez-logo-1-960x115.jpg 960w\" sizes=\"auto, (max-width: 998px) 100vw, 998px\" \/><\/a>Piknik Nauki EKSPLORACJE \u2013 PRELEUDIUM<\/strong> (inauguracja Pikniku).<br \/>\nTermin: 24.05 (pi\u0105tek) w godz. 18:00-21:00<br \/>\nLokalizacja: pomieszczenia Uniwersytetu Rzeszowskiego<br \/>\nG\u0142\u00f3wny Organizator: Uniwersytet Rzeszowski<br \/>\nZakres tematyczny: zagadnienia dotycz\u0105ce makro-obszaru \u201eNasza Cywilizacja\u201d, prezentuj\u0105ce osi\u0105gni\u0119cia cywilizacji w oparciu o zasoby Uniwersytetu Rzeszowskiego.<\/p>\n<p style=\"text-align: justify;\"><strong>Piknik Nauki EKSPLORACJE \u2013 PIKNIK<\/strong> (wydarzenie g\u0142\u00f3wne).<br \/>\nTermin: 25.05 (sobota) w godz. 11:00-18:00<br \/>\nLokalizacja: modu\u0142 plenerowy - Pl. AK, ul. Szopena, AL. Lubomirskich,<br \/>\nparking RARR, fosa Zamku.<br \/>\nG\u0142\u00f3wny Organizator: Stowarzyszenie ExploRes<br \/>\nZakres tematyczny: zagadnienia dotycz\u0105ce wszystkich makro-obszar\u00f3w wiedzy, \u0142\u0105cz\u0105ce nauk\u0119, technik\u0119 oraz kultur\u0119 jako wsp\u00f3lny dorobek cywilizacyjny. Uczestnikami (wystawcami) b\u0119d\u0105 instytucje oraz organizacje dzia\u0142aj\u0105ce w obszarze o\u015bwiaty, edukacji nieformalnej, technologii oraz popularyzacji wiedzy: uczelnie, centra nauki, ko\u0142a naukowe, organizacje pozarz\u0105dowe, szko\u0142y, muzea, instytucje publiczne i grupy nieformalne.<\/p>\n<p><strong>Piknik Nauki EKSPLORACJE \u2013 WYPRAWA<br \/>\n<\/strong>Termin: 26.05 (niedziela) w godz. 11:00-14:00<br \/>\nLokalizacja: modu\u0142 plenerowy \u2013 zalew, bulwary nad zalewem, rezerwat Lisia G\u00f3ra<br \/>\nG\u0142\u00f3wny Organizator: Stowarzyszenie EKOSKOP<br \/>\nZakres tematyczny: zagadnienia dotycz\u0105ce makro-obszaru \u201e\u015awiat Wok\u00f3\u0142 Nas\u201d, zwi\u0105zane z przyrod\u0105, \u00a0jej ochron\u0105, ekologi\u0105 i bior\u00f3\u017cnorodno\u015bci\u0105 w\u00a0oparciu o zasoby Stowarzyszenia EKOSKOP.<\/p>\n<p style=\"text-align: justify;\"><strong>Piknik Nauki EKSPLORACJE \u2013 SEANS<br \/>\n<\/strong>Termin: 26.05 (niedziela) w godz. 18:00-21:00<br \/>\nLokalizacja: Wojew\u00f3dzki Dom Kultury w Rzeszowie, ul. Okrzei 7<br \/>\nG\u0142\u00f3wny Organizator: Wojew\u00f3dzki Dom Kultury w Rzeszowie<br \/>\nZakres tematyczny: seans filmowy po\u0142\u0105czony z prelekcjami i pokazami naukowymi\u00a0dotycz\u0105cymi makro-obszaru \u201eMy Ludzie\u201d.<\/p>\n<p>&nbsp;<\/p>\n<p><!--more--><\/p>\n<div style=\"width: 625px;\" class=\"wp-video\"><video class=\"wp-video-shortcode\" id=\"video-591-1\" width=\"625\" height=\"352\" preload=\"metadata\" controls=\"controls\"><source type=\"video\/mp4\" src=\"https:\/\/www.pikniknauki.ur.edu.pl\/wp-content\/uploads\/2019\/06\/PNE2019.mp4?_=1\" \/><a href=\"https:\/\/www.pikniknauki.ur.edu.pl\/wp-content\/uploads\/2019\/06\/PNE2019.mp4\">https:\/\/www.pikniknauki.ur.edu.pl\/wp-content\/uploads\/2019\/06\/PNE2019.mp4<\/a><\/video><\/div>\n<p>&nbsp;<\/p>\n<hr \/>\n<p><a href=\"https:\/\/www.pikniknauki.ur.edu.pl\/wp-content\/uploads\/2020\/02\/belka-logotyp\u00f3w.jpg\"><img loading=\"lazy\" decoding=\"async\" class=\"aligncenter wp-image-662\" src=\"https:\/\/www.pikniknauki.ur.edu.pl\/wp-content\/uploads\/2020\/02\/belka-logotyp\u00f3w-1024x284.jpg\" alt=\"\" width=\"901\" height=\"250\" srcset=\"https:\/\/www.pikniknauki.ur.edu.pl\/wp-content\/uploads\/2020\/02\/belka-logotyp\u00f3w-1024x284.jpg 1024w, https:\/\/www.pikniknauki.ur.edu.pl\/wp-content\/uploads\/2020\/02\/belka-logotyp\u00f3w-300x83.jpg 300w, https:\/\/www.pikniknauki.ur.edu.pl\/wp-content\/uploads\/2020\/02\/belka-logotyp\u00f3w-768x213.jpg 768w, https:\/\/www.pikniknauki.ur.edu.pl\/wp-content\/uploads\/2020\/02\/belka-logotyp\u00f3w-960x266.jpg 960w\" sizes=\"auto, (max-width: 901px) 100vw, 901px\" \/><\/a><\/p>\n","protected":false},"excerpt":{"rendered":"<p>Piknik Nauki EKSPLORACJE \u2013 PRELEUDIUM (inauguracja Pikniku). Termin: 24.05 (pi\u0105tek) w godz. 18:00-21:00 Lokalizacja: pomieszczenia Uniwersytetu Rzeszowskiego G\u0142\u00f3wny Organizator: Uniwersytet Rzeszowski Zakres tematyczny: zagadnienia dotycz\u0105ce makro-obszaru \u201eNasza Cywilizacja\u201d, prezentuj\u0105ce osi\u0105gni\u0119cia cywilizacji w oparciu o zasoby Uniwersytetu Rzeszowskiego. Piknik Nauki EKSPLORACJE \u2013 PIKNIK (wydarzenie g\u0142\u00f3wne). Termin: 25.05 (sobota) w godz. 11:00-18:00 Lokalizacja: modu\u0142 plenerowy - Pl. <a href=\"https:\/\/www.pikniknauki.ur.edu.pl\/index.php\/pne-2019\/program\/\" class=\"more-link\">Czytaj dalej...<span class=\"screen-reader-text\"> \"PNE 2019 &#8211; PROGRAM\"<\/span><\/a><\/p>\n","protected":false},"author":1,"featured_media":0,"parent":542,"menu_order":0,"comment_status":"closed","ping_status":"closed","template":"page-templates\/full-width.php","meta":{"footnotes":""},"class_list":["post-591","page","type-page","status-publish","h-entry","hentry","h-as-page"],"_links":{"self":[{"href":"https:\/\/www.pikniknauki.ur.edu.pl\/index.php\/wp-json\/wp\/v2\/pages\/591","targetHints":{"allow":["GET"]}}],"collection":[{"href":"https:\/\/www.pikniknauki.ur.edu.pl\/index.php\/wp-json\/wp\/v2\/pages"}],"about":[{"href":"https:\/\/www.pikniknauki.ur.edu.pl\/index.php\/wp-json\/wp\/v2\/types\/page"}],"author":[{"embeddable":true,"href":"https:\/\/www.pikniknauki.ur.edu.pl\/index.php\/wp-json\/wp\/v2\/users\/1"}],"replies":[{"embeddable":true,"href":"https:\/\/www.pikniknauki.ur.edu.pl\/index.php\/wp-json\/wp\/v2\/comments?post=591"}],"version-history":[{"count":12,"href":"https:\/\/www.pikniknauki.ur.edu.pl\/index.php\/wp-json\/wp\/v2\/pages\/591\/revisions"}],"predecessor-version":[{"id":714,"href":"https:\/\/www.pikniknauki.ur.edu.pl\/index.php\/wp-json\/wp\/v2\/pages\/591\/revisions\/714"}],"up":[{"embeddable":true,"href":"https:\/\/www.pikniknauki.ur.edu.pl\/index.php\/wp-json\/wp\/v2\/pages\/542"}],"wp:attachment":[{"href":"https:\/\/www.pikniknauki.ur.edu.pl\/index.php\/wp-json\/wp\/v2\/media?parent=591"}],"curies":[{"name":"wp","href":"https:\/\/api.w.org\/{rel}","templated":true}]}}