{"id":344,"date":"2018-05-31T21:21:11","date_gmt":"2018-05-31T19:21:11","guid":{"rendered":"http:\/\/www.pikniknauki.ur.edu.pl\/?page_id=344"},"modified":"2018-10-07T13:18:11","modified_gmt":"2018-10-07T11:18:11","slug":"wyprawa-zdjecia","status":"publish","type":"page","link":"https:\/\/www.pikniknauki.ur.edu.pl\/index.php\/pne-2018-relacja\/wyprawa-zdjecia\/","title":{"rendered":"WYPRAWA &#8211; 27 maja 2018"},"content":{"rendered":"<p style=\"text-align: justify;\"><strong><img loading=\"lazy\" decoding=\"async\" class=\"alignnone wp-image-98\" src=\"https:\/\/www.pikniknauki.ur.edu.pl\/wp-content\/uploads\/2018\/04\/baner-pne2018-300x30.png\" alt=\"\" width=\"1000\" height=\"100\" srcset=\"https:\/\/www.pikniknauki.ur.edu.pl\/wp-content\/uploads\/2018\/04\/baner-pne2018-300x30.png 300w, https:\/\/www.pikniknauki.ur.edu.pl\/wp-content\/uploads\/2018\/04\/baner-pne2018-768x77.png 768w, https:\/\/www.pikniknauki.ur.edu.pl\/wp-content\/uploads\/2018\/04\/baner-pne2018.png 900w\" sizes=\"auto, (max-width: 1000px) 100vw, 1000px\" \/><\/strong>Po raz pierwszy w historii rzeszowskich piknik\u00f3w naukowych dzia\u0142ania obj\u0119\u0142y tak\u017ce niedziel\u0119, bowiem dzie\u0144 po wielkim, sobotnim pikniku rodzinnym w centrum miasta, organizatorzy zaprosili ma\u0142ych i du\u017cych odkrywc\u00f3w nad rzeszowski Zalew w okolicach rezerwatu Lisia G\u00f3ra. Odby\u0142a si\u0119 tam trzecia cz\u0119\u015b\u0107 <strong>Pikniku Nauki <span style=\"color: #ff6600;\">EKSPLORACJE<\/span> 2018<\/strong>, po\u015bwi\u0119cona tematyce przyrodniczej i ekologicznej opisana has\u0142em \"\u015awiat Wok\u00f3\u0142 Nas\". Spacerowicze, licznie odwiedzaj\u0105cy w t\u0119 pi\u0119kn\u0105, s\u0142oneczn\u0105 niedziel\u0119 tereny rekreacyjne przy Lisiej G\u00f3rze mogli skorzysta\u0107 z mikroskop\u00f3w by ujrze\u0107 wodny mikro\u015bwiat, dowiedzie\u0107 si\u0119 wi\u0119cej o ochronie \u015brodowiska a przede wszystkim wzi\u0105\u0107 udzia\u0142 w naukowej wyprawie do rezerwatu Lisia G\u00f3ra, kt\u00f3r\u0105 poprowadzili prof. Andrzej Bobiec oraz dr Agata \u0106wik z rzeszowskiego Uniwersytetu. Ch\u0119tni mogli tak\u017ce uda\u0107 si\u0119 katamaranem w rejs po dzikim Zalewie, zobaczy\u0107 ostoje ptactwa, \u017ceremia bobr\u00f3w i ro\u015blinno\u015b\u0107 naszej \"ma\u0142ej rzeszowskiej Amazonki\".<\/p>\n<div id='gallery-1' class='gallery galleryid-344 gallery-columns-6 gallery-size-thumbnail'><figure class='gallery-item'>\n\t\t\t<div class='gallery-icon landscape'>\n\t\t\t\t<a href='https:\/\/www.pikniknauki.ur.edu.pl\/index.php\/pne-2018-relacja\/wyprawa-zdjecia\/pne-wyprawa-01\/'><img loading=\"lazy\" decoding=\"async\" width=\"150\" height=\"150\" src=\"https:\/\/www.pikniknauki.ur.edu.pl\/wp-content\/uploads\/2018\/06\/PNE-WYPRAWA-01-150x150.jpg\" class=\"attachment-thumbnail size-thumbnail\" alt=\"\" \/><\/a>\n\t\t\t<\/div><\/figure><figure class='gallery-item'>\n\t\t\t<div class='gallery-icon landscape'>\n\t\t\t\t<a href='https:\/\/www.pikniknauki.ur.edu.pl\/index.php\/pne-2018-relacja\/wyprawa-zdjecia\/pne-wyprawa-02\/'><img loading=\"lazy\" decoding=\"async\" width=\"150\" height=\"150\" src=\"https:\/\/www.pikniknauki.ur.edu.pl\/wp-content\/uploads\/2018\/06\/PNE-WYPRAWA-02-150x150.jpg\" class=\"attachment-thumbnail size-thumbnail\" alt=\"\" \/><\/a>\n\t\t\t<\/div><\/figure><figure class='gallery-item'>\n\t\t\t<div class='gallery-icon landscape'>\n\t\t\t\t<a href='https:\/\/www.pikniknauki.ur.edu.pl\/index.php\/pne-2018-relacja\/wyprawa-zdjecia\/pne-wyprawa-03\/'><img loading=\"lazy\" decoding=\"async\" width=\"150\" height=\"150\" src=\"https:\/\/www.pikniknauki.ur.edu.pl\/wp-content\/uploads\/2018\/06\/PNE-WYPRAWA-03-150x150.jpg\" class=\"attachment-thumbnail size-thumbnail\" alt=\"\" \/><\/a>\n\t\t\t<\/div><\/figure><figure class='gallery-item'>\n\t\t\t<div class='gallery-icon landscape'>\n\t\t\t\t<a href='https:\/\/www.pikniknauki.ur.edu.pl\/index.php\/pne-2018-relacja\/wyprawa-zdjecia\/pne-wyprawa-04\/'><img loading=\"lazy\" decoding=\"async\" width=\"150\" height=\"150\" src=\"https:\/\/www.pikniknauki.ur.edu.pl\/wp-content\/uploads\/2018\/06\/PNE-WYPRAWA-04-150x150.jpg\" class=\"attachment-thumbnail size-thumbnail\" alt=\"\" \/><\/a>\n\t\t\t<\/div><\/figure><figure class='gallery-item'>\n\t\t\t<div class='gallery-icon landscape'>\n\t\t\t\t<a href='https:\/\/www.pikniknauki.ur.edu.pl\/index.php\/pne-2018-relacja\/wyprawa-zdjecia\/pne-wyprawa-05\/'><img loading=\"lazy\" decoding=\"async\" width=\"150\" height=\"150\" src=\"https:\/\/www.pikniknauki.ur.edu.pl\/wp-content\/uploads\/2018\/06\/PNE-WYPRAWA-05-150x150.jpg\" class=\"attachment-thumbnail size-thumbnail\" alt=\"\" \/><\/a>\n\t\t\t<\/div><\/figure><figure class='gallery-item'>\n\t\t\t<div class='gallery-icon landscape'>\n\t\t\t\t<a href='https:\/\/www.pikniknauki.ur.edu.pl\/index.php\/pne-2018-relacja\/wyprawa-zdjecia\/pne-wyprawa-06\/'><img loading=\"lazy\" decoding=\"async\" width=\"150\" height=\"150\" src=\"https:\/\/www.pikniknauki.ur.edu.pl\/wp-content\/uploads\/2018\/06\/PNE-WYPRAWA-06-150x150.jpg\" class=\"attachment-thumbnail size-thumbnail\" alt=\"\" \/><\/a>\n\t\t\t<\/div><\/figure><figure class='gallery-item'>\n\t\t\t<div class='gallery-icon landscape'>\n\t\t\t\t<a href='https:\/\/www.pikniknauki.ur.edu.pl\/index.php\/pne-2018-relacja\/wyprawa-zdjecia\/pne-wyprawa-07\/'><img loading=\"lazy\" decoding=\"async\" width=\"150\" height=\"150\" src=\"https:\/\/www.pikniknauki.ur.edu.pl\/wp-content\/uploads\/2018\/06\/PNE-WYPRAWA-07-150x150.jpg\" class=\"attachment-thumbnail size-thumbnail\" alt=\"\" \/><\/a>\n\t\t\t<\/div><\/figure><figure class='gallery-item'>\n\t\t\t<div class='gallery-icon landscape'>\n\t\t\t\t<a href='https:\/\/www.pikniknauki.ur.edu.pl\/index.php\/pne-2018-relacja\/wyprawa-zdjecia\/pne-wyprawa-08\/'><img loading=\"lazy\" decoding=\"async\" width=\"150\" height=\"150\" src=\"https:\/\/www.pikniknauki.ur.edu.pl\/wp-content\/uploads\/2018\/06\/PNE-WYPRAWA-08-150x150.jpg\" class=\"attachment-thumbnail size-thumbnail\" alt=\"\" \/><\/a>\n\t\t\t<\/div><\/figure><figure class='gallery-item'>\n\t\t\t<div class='gallery-icon landscape'>\n\t\t\t\t<a href='https:\/\/www.pikniknauki.ur.edu.pl\/index.php\/pne-2018-relacja\/wyprawa-zdjecia\/pne-wyprawa-09\/'><img loading=\"lazy\" decoding=\"async\" width=\"150\" height=\"150\" src=\"https:\/\/www.pikniknauki.ur.edu.pl\/wp-content\/uploads\/2018\/06\/PNE-WYPRAWA-09-150x150.jpg\" class=\"attachment-thumbnail size-thumbnail\" alt=\"\" \/><\/a>\n\t\t\t<\/div><\/figure><figure class='gallery-item'>\n\t\t\t<div class='gallery-icon landscape'>\n\t\t\t\t<a href='https:\/\/www.pikniknauki.ur.edu.pl\/index.php\/pne-2018-relacja\/wyprawa-zdjecia\/pne-wyprawa-10\/'><img loading=\"lazy\" decoding=\"async\" width=\"150\" height=\"150\" src=\"https:\/\/www.pikniknauki.ur.edu.pl\/wp-content\/uploads\/2018\/06\/PNE-WYPRAWA-10-150x150.jpg\" class=\"attachment-thumbnail size-thumbnail\" alt=\"\" \/><\/a>\n\t\t\t<\/div><\/figure><figure class='gallery-item'>\n\t\t\t<div class='gallery-icon landscape'>\n\t\t\t\t<a href='https:\/\/www.pikniknauki.ur.edu.pl\/index.php\/pne-2018-relacja\/wyprawa-zdjecia\/pne-wyprawa-11\/'><img loading=\"lazy\" decoding=\"async\" width=\"150\" height=\"150\" src=\"https:\/\/www.pikniknauki.ur.edu.pl\/wp-content\/uploads\/2018\/06\/PNE-WYPRAWA-11-150x150.jpg\" class=\"attachment-thumbnail size-thumbnail\" alt=\"\" \/><\/a>\n\t\t\t<\/div><\/figure>\n\t\t<\/div>\n\n<p style=\"text-align: center;\">Zobacz inne wydarzenia cyklu <strong>Piknik Nauki <span style=\"color: #ff6600;\">EKSPLORACJE<\/span> 2018<\/strong><\/p>\n<h3 style=\"text-align: center;\"><a href=\"https:\/\/www.pikniknauki.ur.edu.pl\/index.php\/pne-2018-relacja\/preludium-zdjecia\/\">PRELUDIUM<\/a> \u00a0 \u00a0 \u00a0 \u00a0 \u00a0 \u00a0 \u00a0 <a href=\"https:\/\/www.pikniknauki.ur.edu.pl\/index.php\/pne-2018-relacja\/pne2018-piknik-film\/\">PIKNIK<\/a> \u00a0 \u00a0 \u00a0 \u00a0 \u00a0 \u00a0\u00a0 <a href=\"https:\/\/www.pikniknauki.ur.edu.pl\/index.php\/pne-2018-relacja\/final-zdjecia\/\">FINA\u0141<\/a><\/h3>\n<p>&nbsp;<\/p>\n<p><img loading=\"lazy\" decoding=\"async\" class=\"size-full wp-image-509 aligncenter\" src=\"https:\/\/www.pikniknauki.ur.edu.pl\/wp-content\/uploads\/2018\/10\/Baner-2018-z-logotypami.jpg\" alt=\"\" width=\"3000\" height=\"819\" srcset=\"https:\/\/www.pikniknauki.ur.edu.pl\/wp-content\/uploads\/2018\/10\/Baner-2018-z-logotypami.jpg 3000w, https:\/\/www.pikniknauki.ur.edu.pl\/wp-content\/uploads\/2018\/10\/Baner-2018-z-logotypami-300x82.jpg 300w, https:\/\/www.pikniknauki.ur.edu.pl\/wp-content\/uploads\/2018\/10\/Baner-2018-z-logotypami-768x210.jpg 768w, https:\/\/www.pikniknauki.ur.edu.pl\/wp-content\/uploads\/2018\/10\/Baner-2018-z-logotypami-1024x280.jpg 1024w, https:\/\/www.pikniknauki.ur.edu.pl\/wp-content\/uploads\/2018\/10\/Baner-2018-z-logotypami-960x262.jpg 960w\" sizes=\"auto, (max-width: 3000px) 100vw, 3000px\" \/><\/p>\n<p>&nbsp;<\/p>\n","protected":false},"excerpt":{"rendered":"<p>Po raz pierwszy w historii rzeszowskich piknik\u00f3w naukowych dzia\u0142ania obj\u0119\u0142y tak\u017ce niedziel\u0119, bowiem dzie\u0144 po wielkim, sobotnim pikniku rodzinnym w centrum miasta, organizatorzy zaprosili ma\u0142ych i du\u017cych odkrywc\u00f3w nad rzeszowski Zalew w okolicach rezerwatu Lisia G\u00f3ra. Odby\u0142a si\u0119 tam trzecia cz\u0119\u015b\u0107 Pikniku Nauki EKSPLORACJE 2018, po\u015bwi\u0119cona tematyce przyrodniczej i ekologicznej opisana has\u0142em \"\u015awiat Wok\u00f3\u0142 Nas\". <a href=\"https:\/\/www.pikniknauki.ur.edu.pl\/index.php\/pne-2018-relacja\/wyprawa-zdjecia\/\" class=\"more-link\">Czytaj dalej...<span class=\"screen-reader-text\"> \"WYPRAWA &#8211; 27 maja 2018\"<\/span><\/a><\/p>\n","protected":false},"author":1,"featured_media":0,"parent":281,"menu_order":0,"comment_status":"closed","ping_status":"closed","template":"page-templates\/full-width.php","meta":{"footnotes":""},"class_list":["post-344","page","type-page","status-publish","h-entry","hentry","h-as-page"],"_links":{"self":[{"href":"https:\/\/www.pikniknauki.ur.edu.pl\/index.php\/wp-json\/wp\/v2\/pages\/344","targetHints":{"allow":["GET"]}}],"collection":[{"href":"https:\/\/www.pikniknauki.ur.edu.pl\/index.php\/wp-json\/wp\/v2\/pages"}],"about":[{"href":"https:\/\/www.pikniknauki.ur.edu.pl\/index.php\/wp-json\/wp\/v2\/types\/page"}],"author":[{"embeddable":true,"href":"https:\/\/www.pikniknauki.ur.edu.pl\/index.php\/wp-json\/wp\/v2\/users\/1"}],"replies":[{"embeddable":true,"href":"https:\/\/www.pikniknauki.ur.edu.pl\/index.php\/wp-json\/wp\/v2\/comments?post=344"}],"version-history":[{"count":9,"href":"https:\/\/www.pikniknauki.ur.edu.pl\/index.php\/wp-json\/wp\/v2\/pages\/344\/revisions"}],"predecessor-version":[{"id":532,"href":"https:\/\/www.pikniknauki.ur.edu.pl\/index.php\/wp-json\/wp\/v2\/pages\/344\/revisions\/532"}],"up":[{"embeddable":true,"href":"https:\/\/www.pikniknauki.ur.edu.pl\/index.php\/wp-json\/wp\/v2\/pages\/281"}],"wp:attachment":[{"href":"https:\/\/www.pikniknauki.ur.edu.pl\/index.php\/wp-json\/wp\/v2\/media?parent=344"}],"curies":[{"name":"wp","href":"https:\/\/api.w.org\/{rel}","templated":true}]}}