{"id":281,"date":"2018-05-31T20:26:25","date_gmt":"2018-05-31T18:26:25","guid":{"rendered":"http:\/\/www.pikniknauki.ur.edu.pl\/?page_id=281"},"modified":"2020-02-02T19:53:18","modified_gmt":"2020-02-02T18:53:18","slug":"pne-2018-relacja","status":"publish","type":"page","link":"https:\/\/www.pikniknauki.ur.edu.pl\/index.php\/pne-2018-relacja\/","title":{"rendered":"PNE 2018"},"content":{"rendered":"<p style=\"text-align: left;\"><img loading=\"lazy\" decoding=\"async\" class=\"alignleft wp-image-98\" src=\"https:\/\/www.pikniknauki.ur.edu.pl\/wp-content\/uploads\/2018\/04\/baner-pne2018.png\" alt=\"\" width=\"1000\" height=\"100\" srcset=\"https:\/\/www.pikniknauki.ur.edu.pl\/wp-content\/uploads\/2018\/04\/baner-pne2018.png 900w, https:\/\/www.pikniknauki.ur.edu.pl\/wp-content\/uploads\/2018\/04\/baner-pne2018-300x30.png 300w, https:\/\/www.pikniknauki.ur.edu.pl\/wp-content\/uploads\/2018\/04\/baner-pne2018-768x77.png 768w\" sizes=\"auto, (max-width: 1000px) 100vw, 1000px\" \/><!--more--><span style=\"font-size: 1rem;\">Za nami trzy dni <\/span><strong style=\"font-size: 1rem;\">Pikniku Nauki <span style=\"color: #ff6600;\">EKSPLORACJE<\/span> 2018<\/strong><span style=\"font-size: 1rem;\">, kt\u00f3ry odby\u0142 si\u0119 w dniach od 25 do 27 maja 2018 roku w Rzeszowie.\u00a0Wyk\u0142ady, prezentacje, warsztaty, pokazy i interakt<\/span><span style=\"text-align: justify; font-size: 1rem;\">ywne eksponaty, kt\u00f3re eksponowano\u00a0<\/span><span style=\"font-size: 1rem;\">podczas wszystkich czterech cz\u0119\u015bci wydarzenia.<\/span><span style=\"text-align: justify; font-size: 1rem;\"> przyci\u0105gn\u0119\u0142y uwag\u0119 kilku tysi\u0119cy mieszka\u0144c\u00f3w miasta i regionu.<\/span><\/p>\n<h3 style=\"text-align: center;\"><a href=\"https:\/\/www.pikniknauki.ur.edu.pl\/index.php\/pne-2018-relacja\/preludium-zdjecia\/\">PRELUDIUM<\/a> \u00a0 \u00a0 \u00a0 \u00a0 \u00a0 \u00a0 \u00a0 <a href=\"https:\/\/www.pikniknauki.ur.edu.pl\/index.php\/pne-2018-relacja\/pne2018-piknik-film\/\">PIKNIK<\/a> \u00a0 \u00a0 \u00a0 \u00a0 \u00a0 \u00a0\u00a0 <a href=\"https:\/\/www.pikniknauki.ur.edu.pl\/index.php\/pne-2018-relacja\/wyprawa-zdjecia\/\">WYPRAWA<\/a> \u00a0 \u00a0 \u00a0 \u00a0 \u00a0 \u00a0 \u00a0 <a href=\"https:\/\/www.pikniknauki.ur.edu.pl\/index.php\/pne-2018-relacja\/final-zdjecia\/\">FINA\u0141<\/a><\/h3>\n<p style=\"text-align: center;\"><!--more--><\/p>\n<h1 style=\"text-align: center;\"><a href=\"https:\/\/www.pikniknauki.ur.edu.pl\/index.php\/program\/\"><strong>PROGRAM WYDARZENIA<\/strong><\/a><!--more--><\/h1>\n<p>&nbsp;<\/p>\n<p style=\"text-align: center;\"><strong>Partner Wydarzenia:<\/strong><\/p>\n<p style=\"text-align: center;\"><img loading=\"lazy\" decoding=\"async\" class=\"alignnone size-medium wp-image-268\" src=\"https:\/\/www.pikniknauki.ur.edu.pl\/wp-content\/uploads\/2018\/05\/reklama-UMWP-300x179.jpg\" alt=\"\" width=\"300\" height=\"179\" srcset=\"https:\/\/www.pikniknauki.ur.edu.pl\/wp-content\/uploads\/2018\/05\/reklama-UMWP-300x179.jpg 300w, https:\/\/www.pikniknauki.ur.edu.pl\/wp-content\/uploads\/2018\/05\/reklama-UMWP.jpg 469w\" sizes=\"auto, (max-width: 300px) 100vw, 300px\" \/><\/p>\n<p><!--more--><\/p>\n<p style=\"text-align: center;\"><iframe loading=\"lazy\" src=\"https:\/\/www.youtube.com\/embed\/IpAmo9jzk7o?rel=0\" width=\"560\" height=\"315\" frameborder=\"0\" allowfullscreen=\"allowfullscreen\" data-mce-fragment=\"1\"><\/iframe><!--more--><!--more--><\/p>\n<hr \/>\n<pre style=\"text-align: center;\"><img loading=\"lazy\" decoding=\"async\" class=\"alignnone size-full wp-image-509\" src=\"https:\/\/www.pikniknauki.ur.edu.pl\/wp-content\/uploads\/2018\/10\/Baner-2018-z-logotypami.jpg\" alt=\"\" width=\"3000\" height=\"819\" srcset=\"https:\/\/www.pikniknauki.ur.edu.pl\/wp-content\/uploads\/2018\/10\/Baner-2018-z-logotypami.jpg 3000w, https:\/\/www.pikniknauki.ur.edu.pl\/wp-content\/uploads\/2018\/10\/Baner-2018-z-logotypami-300x82.jpg 300w, https:\/\/www.pikniknauki.ur.edu.pl\/wp-content\/uploads\/2018\/10\/Baner-2018-z-logotypami-768x210.jpg 768w, https:\/\/www.pikniknauki.ur.edu.pl\/wp-content\/uploads\/2018\/10\/Baner-2018-z-logotypami-1024x280.jpg 1024w, https:\/\/www.pikniknauki.ur.edu.pl\/wp-content\/uploads\/2018\/10\/Baner-2018-z-logotypami-960x262.jpg 960w\" sizes=\"auto, (max-width: 3000px) 100vw, 3000px\" \/><\/pre>\n","protected":false},"excerpt":{"rendered":"","protected":false},"author":1,"featured_media":0,"parent":0,"menu_order":0,"comment_status":"closed","ping_status":"closed","template":"page-templates\/full-width.php","meta":{"footnotes":""},"class_list":["post-281","page","type-page","status-publish","h-entry","hentry","h-as-page"],"_links":{"self":[{"href":"https:\/\/www.pikniknauki.ur.edu.pl\/index.php\/wp-json\/wp\/v2\/pages\/281","targetHints":{"allow":["GET"]}}],"collection":[{"href":"https:\/\/www.pikniknauki.ur.edu.pl\/index.php\/wp-json\/wp\/v2\/pages"}],"about":[{"href":"https:\/\/www.pikniknauki.ur.edu.pl\/index.php\/wp-json\/wp\/v2\/types\/page"}],"author":[{"embeddable":true,"href":"https:\/\/www.pikniknauki.ur.edu.pl\/index.php\/wp-json\/wp\/v2\/users\/1"}],"replies":[{"embeddable":true,"href":"https:\/\/www.pikniknauki.ur.edu.pl\/index.php\/wp-json\/wp\/v2\/comments?post=281"}],"version-history":[{"count":31,"href":"https:\/\/www.pikniknauki.ur.edu.pl\/index.php\/wp-json\/wp\/v2\/pages\/281\/revisions"}],"predecessor-version":[{"id":720,"href":"https:\/\/www.pikniknauki.ur.edu.pl\/index.php\/wp-json\/wp\/v2\/pages\/281\/revisions\/720"}],"wp:attachment":[{"href":"https:\/\/www.pikniknauki.ur.edu.pl\/index.php\/wp-json\/wp\/v2\/media?parent=281"}],"curies":[{"name":"wp","href":"https:\/\/api.w.org\/{rel}","templated":true}]}}