{"id":1561,"date":"2025-09-22T10:25:36","date_gmt":"2025-09-22T08:25:36","guid":{"rendered":"https:\/\/www.pikniknauki.ur.edu.pl\/?page_id=1561"},"modified":"2026-04-26T17:04:24","modified_gmt":"2026-04-26T15:04:24","slug":"eksploracje-2026","status":"publish","type":"page","link":"https:\/\/www.pikniknauki.ur.edu.pl\/","title":{"rendered":"EKSPLORACJE 2026"},"content":{"rendered":"\n<figure class=\"wp-block-image size-large\"><img loading=\"lazy\" decoding=\"async\" width=\"1024\" height=\"580\" src=\"https:\/\/www.pikniknauki.ur.edu.pl\/wp-content\/uploads\/2026\/01\/baner-zapowiedz-1024x580.jpg\" alt=\"\" class=\"wp-image-1654\" srcset=\"https:\/\/www.pikniknauki.ur.edu.pl\/wp-content\/uploads\/2026\/01\/baner-zapowiedz-1024x580.jpg 1024w, https:\/\/www.pikniknauki.ur.edu.pl\/wp-content\/uploads\/2026\/01\/baner-zapowiedz-300x170.jpg 300w, https:\/\/www.pikniknauki.ur.edu.pl\/wp-content\/uploads\/2026\/01\/baner-zapowiedz-768x435.jpg 768w, https:\/\/www.pikniknauki.ur.edu.pl\/wp-content\/uploads\/2026\/01\/baner-zapowiedz-1536x870.jpg 1536w, https:\/\/www.pikniknauki.ur.edu.pl\/wp-content\/uploads\/2026\/01\/baner-zapowiedz-2048x1160.jpg 2048w, https:\/\/www.pikniknauki.ur.edu.pl\/wp-content\/uploads\/2026\/01\/baner-zapowiedz-960x544.jpg 960w\" sizes=\"auto, (max-width: 1024px) 100vw, 1024px\" \/><\/figure>\n\n\n\n<figure class=\"wp-block-image size-large\"><img loading=\"lazy\" decoding=\"async\" width=\"937\" height=\"1024\" src=\"https:\/\/www.pikniknauki.ur.edu.pl\/wp-content\/uploads\/2026\/04\/zaproszenie-piknikowe-na-www-937x1024.jpg\" alt=\"\" class=\"wp-image-1685\" srcset=\"https:\/\/www.pikniknauki.ur.edu.pl\/wp-content\/uploads\/2026\/04\/zaproszenie-piknikowe-na-www-937x1024.jpg 937w, https:\/\/www.pikniknauki.ur.edu.pl\/wp-content\/uploads\/2026\/04\/zaproszenie-piknikowe-na-www-274x300.jpg 274w, https:\/\/www.pikniknauki.ur.edu.pl\/wp-content\/uploads\/2026\/04\/zaproszenie-piknikowe-na-www-768x840.jpg 768w, https:\/\/www.pikniknauki.ur.edu.pl\/wp-content\/uploads\/2026\/04\/zaproszenie-piknikowe-na-www-960x1050.jpg 960w, https:\/\/www.pikniknauki.ur.edu.pl\/wp-content\/uploads\/2026\/04\/zaproszenie-piknikowe-na-www.jpg 1135w\" sizes=\"auto, (max-width: 937px) 100vw, 937px\" \/><\/figure>\n\n\n\n<p>To ju\u017c po raz 16 w centrum miasta go\u015bci\u0107 b\u0119dziemy znamienitych popularyzator\u00f3w nauk wszelkich. Opr\u00f3cz tych, kt\u00f3rzy od lat uczestnicz\u0105 jako wystawcy wydarzenia, pojawi\u0105 si\u0119 te\u017c nowi. B\u0119d\u0105 tak\u017ce Go\u015bcie Specjalni.... <img loading=\"lazy\" decoding=\"async\" height=\"16\" width=\"16\" src=\"https:\/\/static.xx.fbcdn.net\/images\/emoji.php\/v9\/t4c\/1\/16\/1f642.png\" alt=\"&#x1f642;\">  Zapraszamy!<\/p>\n\n\n\n<p>Tak za\u015b by\u0142o w ubieg\u0142ym roku.<\/p>\n\n\n\n<figure class=\"wp-block-gallery has-nested-images columns-default is-cropped wp-block-gallery-1 is-layout-flex wp-block-gallery-is-layout-flex\">\n<figure class=\"wp-block-image size-large\"><img loading=\"lazy\" decoding=\"async\" width=\"1024\" height=\"681\" data-id=\"1581\" src=\"https:\/\/www.pikniknauki.ur.edu.pl\/wp-content\/uploads\/2025\/09\/Eksploracje_2025_preludium_fot_Monika-19-1024x681.jpg\" alt=\"\" class=\"wp-image-1581\" srcset=\"https:\/\/www.pikniknauki.ur.edu.pl\/wp-content\/uploads\/2025\/09\/Eksploracje_2025_preludium_fot_Monika-19-1024x681.jpg 1024w, https:\/\/www.pikniknauki.ur.edu.pl\/wp-content\/uploads\/2025\/09\/Eksploracje_2025_preludium_fot_Monika-19-300x200.jpg 300w, https:\/\/www.pikniknauki.ur.edu.pl\/wp-content\/uploads\/2025\/09\/Eksploracje_2025_preludium_fot_Monika-19-768x511.jpg 768w, https:\/\/www.pikniknauki.ur.edu.pl\/wp-content\/uploads\/2025\/09\/Eksploracje_2025_preludium_fot_Monika-19-1536x1022.jpg 1536w, https:\/\/www.pikniknauki.ur.edu.pl\/wp-content\/uploads\/2025\/09\/Eksploracje_2025_preludium_fot_Monika-19-2048x1363.jpg 2048w, https:\/\/www.pikniknauki.ur.edu.pl\/wp-content\/uploads\/2025\/09\/Eksploracje_2025_preludium_fot_Monika-19-960x639.jpg 960w\" sizes=\"auto, (max-width: 1024px) 100vw, 1024px\" \/><\/figure>\n\n\n\n<figure class=\"wp-block-image size-large\"><img loading=\"lazy\" decoding=\"async\" width=\"1024\" height=\"681\" data-id=\"1585\" src=\"https:\/\/www.pikniknauki.ur.edu.pl\/wp-content\/uploads\/2025\/09\/Eksploracje_2025_preludium_fot_Monika-72-1024x681.jpg\" alt=\"\" class=\"wp-image-1585\" srcset=\"https:\/\/www.pikniknauki.ur.edu.pl\/wp-content\/uploads\/2025\/09\/Eksploracje_2025_preludium_fot_Monika-72-1024x681.jpg 1024w, https:\/\/www.pikniknauki.ur.edu.pl\/wp-content\/uploads\/2025\/09\/Eksploracje_2025_preludium_fot_Monika-72-300x200.jpg 300w, https:\/\/www.pikniknauki.ur.edu.pl\/wp-content\/uploads\/2025\/09\/Eksploracje_2025_preludium_fot_Monika-72-768x511.jpg 768w, https:\/\/www.pikniknauki.ur.edu.pl\/wp-content\/uploads\/2025\/09\/Eksploracje_2025_preludium_fot_Monika-72-1536x1022.jpg 1536w, https:\/\/www.pikniknauki.ur.edu.pl\/wp-content\/uploads\/2025\/09\/Eksploracje_2025_preludium_fot_Monika-72-2048x1363.jpg 2048w, https:\/\/www.pikniknauki.ur.edu.pl\/wp-content\/uploads\/2025\/09\/Eksploracje_2025_preludium_fot_Monika-72-960x639.jpg 960w\" sizes=\"auto, (max-width: 1024px) 100vw, 1024px\" \/><\/figure>\n\n\n\n<figure class=\"wp-block-image size-large\"><img loading=\"lazy\" decoding=\"async\" width=\"1024\" height=\"683\" data-id=\"1595\" src=\"https:\/\/www.pikniknauki.ur.edu.pl\/wp-content\/uploads\/2025\/09\/IMG_7767-1024x683.jpg\" alt=\"\" class=\"wp-image-1595\" srcset=\"https:\/\/www.pikniknauki.ur.edu.pl\/wp-content\/uploads\/2025\/09\/IMG_7767-1024x683.jpg 1024w, https:\/\/www.pikniknauki.ur.edu.pl\/wp-content\/uploads\/2025\/09\/IMG_7767-300x200.jpg 300w, https:\/\/www.pikniknauki.ur.edu.pl\/wp-content\/uploads\/2025\/09\/IMG_7767-768x512.jpg 768w, https:\/\/www.pikniknauki.ur.edu.pl\/wp-content\/uploads\/2025\/09\/IMG_7767-1536x1024.jpg 1536w, https:\/\/www.pikniknauki.ur.edu.pl\/wp-content\/uploads\/2025\/09\/IMG_7767-2048x1365.jpg 2048w, https:\/\/www.pikniknauki.ur.edu.pl\/wp-content\/uploads\/2025\/09\/IMG_7767-960x640.jpg 960w\" sizes=\"auto, (max-width: 1024px) 100vw, 1024px\" \/><\/figure>\n\n\n\n<figure class=\"wp-block-image size-large\"><img loading=\"lazy\" decoding=\"async\" width=\"1024\" height=\"792\" data-id=\"1593\" src=\"https:\/\/www.pikniknauki.ur.edu.pl\/wp-content\/uploads\/2025\/09\/IMG_7760-1024x792.jpg\" alt=\"\" class=\"wp-image-1593\" srcset=\"https:\/\/www.pikniknauki.ur.edu.pl\/wp-content\/uploads\/2025\/09\/IMG_7760-1024x792.jpg 1024w, https:\/\/www.pikniknauki.ur.edu.pl\/wp-content\/uploads\/2025\/09\/IMG_7760-300x232.jpg 300w, https:\/\/www.pikniknauki.ur.edu.pl\/wp-content\/uploads\/2025\/09\/IMG_7760-768x594.jpg 768w, https:\/\/www.pikniknauki.ur.edu.pl\/wp-content\/uploads\/2025\/09\/IMG_7760-1536x1188.jpg 1536w, https:\/\/www.pikniknauki.ur.edu.pl\/wp-content\/uploads\/2025\/09\/IMG_7760-2048x1583.jpg 2048w, https:\/\/www.pikniknauki.ur.edu.pl\/wp-content\/uploads\/2025\/09\/IMG_7760-960x742.jpg 960w\" sizes=\"auto, (max-width: 1024px) 100vw, 1024px\" \/><\/figure>\n\n\n\n<figure class=\"wp-block-image size-large\"><img loading=\"lazy\" decoding=\"async\" width=\"1024\" height=\"576\" data-id=\"1598\" src=\"https:\/\/www.pikniknauki.ur.edu.pl\/wp-content\/uploads\/2025\/09\/20250524_151009-1024x576.jpg\" alt=\"\" class=\"wp-image-1598\" srcset=\"https:\/\/www.pikniknauki.ur.edu.pl\/wp-content\/uploads\/2025\/09\/20250524_151009-1024x576.jpg 1024w, https:\/\/www.pikniknauki.ur.edu.pl\/wp-content\/uploads\/2025\/09\/20250524_151009-300x169.jpg 300w, https:\/\/www.pikniknauki.ur.edu.pl\/wp-content\/uploads\/2025\/09\/20250524_151009-768x432.jpg 768w, https:\/\/www.pikniknauki.ur.edu.pl\/wp-content\/uploads\/2025\/09\/20250524_151009-1536x864.jpg 1536w, https:\/\/www.pikniknauki.ur.edu.pl\/wp-content\/uploads\/2025\/09\/20250524_151009-2048x1152.jpg 2048w, https:\/\/www.pikniknauki.ur.edu.pl\/wp-content\/uploads\/2025\/09\/20250524_151009-960x540.jpg 960w\" sizes=\"auto, (max-width: 1024px) 100vw, 1024px\" \/><\/figure>\n\n\n\n<figure class=\"wp-block-image size-large\"><img loading=\"lazy\" decoding=\"async\" width=\"1024\" height=\"576\" data-id=\"1605\" src=\"https:\/\/www.pikniknauki.ur.edu.pl\/wp-content\/uploads\/2025\/09\/20250524_142751-1024x576.jpg\" alt=\"\" class=\"wp-image-1605\" srcset=\"https:\/\/www.pikniknauki.ur.edu.pl\/wp-content\/uploads\/2025\/09\/20250524_142751-1024x576.jpg 1024w, https:\/\/www.pikniknauki.ur.edu.pl\/wp-content\/uploads\/2025\/09\/20250524_142751-300x169.jpg 300w, https:\/\/www.pikniknauki.ur.edu.pl\/wp-content\/uploads\/2025\/09\/20250524_142751-768x432.jpg 768w, https:\/\/www.pikniknauki.ur.edu.pl\/wp-content\/uploads\/2025\/09\/20250524_142751-1536x864.jpg 1536w, https:\/\/www.pikniknauki.ur.edu.pl\/wp-content\/uploads\/2025\/09\/20250524_142751-2048x1152.jpg 2048w, https:\/\/www.pikniknauki.ur.edu.pl\/wp-content\/uploads\/2025\/09\/20250524_142751-960x540.jpg 960w\" sizes=\"auto, (max-width: 1024px) 100vw, 1024px\" \/><\/figure>\n\n\n\n<figure class=\"wp-block-image size-large\"><img loading=\"lazy\" decoding=\"async\" width=\"1024\" height=\"576\" data-id=\"1614\" src=\"https:\/\/www.pikniknauki.ur.edu.pl\/wp-content\/uploads\/2025\/09\/20250524_151823-1-1024x576.jpg\" alt=\"\" class=\"wp-image-1614\" srcset=\"https:\/\/www.pikniknauki.ur.edu.pl\/wp-content\/uploads\/2025\/09\/20250524_151823-1-1024x576.jpg 1024w, https:\/\/www.pikniknauki.ur.edu.pl\/wp-content\/uploads\/2025\/09\/20250524_151823-1-300x169.jpg 300w, https:\/\/www.pikniknauki.ur.edu.pl\/wp-content\/uploads\/2025\/09\/20250524_151823-1-768x432.jpg 768w, https:\/\/www.pikniknauki.ur.edu.pl\/wp-content\/uploads\/2025\/09\/20250524_151823-1-1536x864.jpg 1536w, https:\/\/www.pikniknauki.ur.edu.pl\/wp-content\/uploads\/2025\/09\/20250524_151823-1-2048x1152.jpg 2048w, https:\/\/www.pikniknauki.ur.edu.pl\/wp-content\/uploads\/2025\/09\/20250524_151823-1-960x540.jpg 960w\" sizes=\"auto, (max-width: 1024px) 100vw, 1024px\" \/><\/figure>\n\n\n\n<figure class=\"wp-block-image size-large\"><img loading=\"lazy\" decoding=\"async\" width=\"576\" height=\"1024\" data-id=\"1625\" src=\"https:\/\/www.pikniknauki.ur.edu.pl\/wp-content\/uploads\/2025\/09\/20250524_153128-576x1024.jpg\" alt=\"\" class=\"wp-image-1625\" srcset=\"https:\/\/www.pikniknauki.ur.edu.pl\/wp-content\/uploads\/2025\/09\/20250524_153128-576x1024.jpg 576w, https:\/\/www.pikniknauki.ur.edu.pl\/wp-content\/uploads\/2025\/09\/20250524_153128-169x300.jpg 169w, https:\/\/www.pikniknauki.ur.edu.pl\/wp-content\/uploads\/2025\/09\/20250524_153128-768x1365.jpg 768w, https:\/\/www.pikniknauki.ur.edu.pl\/wp-content\/uploads\/2025\/09\/20250524_153128-864x1536.jpg 864w, https:\/\/www.pikniknauki.ur.edu.pl\/wp-content\/uploads\/2025\/09\/20250524_153128-1152x2048.jpg 1152w, https:\/\/www.pikniknauki.ur.edu.pl\/wp-content\/uploads\/2025\/09\/20250524_153128-960x1707.jpg 960w, https:\/\/www.pikniknauki.ur.edu.pl\/wp-content\/uploads\/2025\/09\/20250524_153128-scaled.jpg 1440w\" sizes=\"auto, (max-width: 576px) 100vw, 576px\" \/><\/figure>\n\n\n\n<figure class=\"wp-block-image size-large\"><img loading=\"lazy\" decoding=\"async\" width=\"1024\" height=\"576\" data-id=\"1623\" src=\"https:\/\/www.pikniknauki.ur.edu.pl\/wp-content\/uploads\/2025\/09\/20250524_152718-1024x576.jpg\" alt=\"\" class=\"wp-image-1623\" srcset=\"https:\/\/www.pikniknauki.ur.edu.pl\/wp-content\/uploads\/2025\/09\/20250524_152718-1024x576.jpg 1024w, https:\/\/www.pikniknauki.ur.edu.pl\/wp-content\/uploads\/2025\/09\/20250524_152718-300x169.jpg 300w, https:\/\/www.pikniknauki.ur.edu.pl\/wp-content\/uploads\/2025\/09\/20250524_152718-768x432.jpg 768w, https:\/\/www.pikniknauki.ur.edu.pl\/wp-content\/uploads\/2025\/09\/20250524_152718-1536x864.jpg 1536w, https:\/\/www.pikniknauki.ur.edu.pl\/wp-content\/uploads\/2025\/09\/20250524_152718-2048x1152.jpg 2048w, https:\/\/www.pikniknauki.ur.edu.pl\/wp-content\/uploads\/2025\/09\/20250524_152718-960x540.jpg 960w\" sizes=\"auto, (max-width: 1024px) 100vw, 1024px\" \/><\/figure>\n\n\n\n<figure class=\"wp-block-image size-large\"><img loading=\"lazy\" decoding=\"async\" width=\"576\" height=\"1024\" data-id=\"1624\" src=\"https:\/\/www.pikniknauki.ur.edu.pl\/wp-content\/uploads\/2025\/09\/20250524_152839-576x1024.jpg\" alt=\"\" class=\"wp-image-1624\" srcset=\"https:\/\/www.pikniknauki.ur.edu.pl\/wp-content\/uploads\/2025\/09\/20250524_152839-576x1024.jpg 576w, https:\/\/www.pikniknauki.ur.edu.pl\/wp-content\/uploads\/2025\/09\/20250524_152839-169x300.jpg 169w, https:\/\/www.pikniknauki.ur.edu.pl\/wp-content\/uploads\/2025\/09\/20250524_152839-768x1365.jpg 768w, https:\/\/www.pikniknauki.ur.edu.pl\/wp-content\/uploads\/2025\/09\/20250524_152839-864x1536.jpg 864w, https:\/\/www.pikniknauki.ur.edu.pl\/wp-content\/uploads\/2025\/09\/20250524_152839-1152x2048.jpg 1152w, https:\/\/www.pikniknauki.ur.edu.pl\/wp-content\/uploads\/2025\/09\/20250524_152839-960x1707.jpg 960w, https:\/\/www.pikniknauki.ur.edu.pl\/wp-content\/uploads\/2025\/09\/20250524_152839-scaled.jpg 1440w\" sizes=\"auto, (max-width: 576px) 100vw, 576px\" \/><\/figure>\n\n\n\n<figure class=\"wp-block-image size-large\"><img loading=\"lazy\" decoding=\"async\" width=\"1024\" height=\"576\" data-id=\"1622\" src=\"https:\/\/www.pikniknauki.ur.edu.pl\/wp-content\/uploads\/2025\/09\/20250524_145013-1024x576.jpg\" alt=\"\" class=\"wp-image-1622\" srcset=\"https:\/\/www.pikniknauki.ur.edu.pl\/wp-content\/uploads\/2025\/09\/20250524_145013-1024x576.jpg 1024w, https:\/\/www.pikniknauki.ur.edu.pl\/wp-content\/uploads\/2025\/09\/20250524_145013-300x169.jpg 300w, https:\/\/www.pikniknauki.ur.edu.pl\/wp-content\/uploads\/2025\/09\/20250524_145013-768x432.jpg 768w, https:\/\/www.pikniknauki.ur.edu.pl\/wp-content\/uploads\/2025\/09\/20250524_145013-1536x864.jpg 1536w, https:\/\/www.pikniknauki.ur.edu.pl\/wp-content\/uploads\/2025\/09\/20250524_145013-2048x1152.jpg 2048w, https:\/\/www.pikniknauki.ur.edu.pl\/wp-content\/uploads\/2025\/09\/20250524_145013-960x540.jpg 960w\" sizes=\"auto, (max-width: 1024px) 100vw, 1024px\" \/><\/figure>\n\n\n\n<figure class=\"wp-block-image size-large\"><img loading=\"lazy\" decoding=\"async\" width=\"576\" height=\"1024\" data-id=\"1633\" src=\"https:\/\/www.pikniknauki.ur.edu.pl\/wp-content\/uploads\/2025\/09\/20250524_153746-576x1024.jpg\" alt=\"\" class=\"wp-image-1633\" srcset=\"https:\/\/www.pikniknauki.ur.edu.pl\/wp-content\/uploads\/2025\/09\/20250524_153746-576x1024.jpg 576w, https:\/\/www.pikniknauki.ur.edu.pl\/wp-content\/uploads\/2025\/09\/20250524_153746-169x300.jpg 169w, https:\/\/www.pikniknauki.ur.edu.pl\/wp-content\/uploads\/2025\/09\/20250524_153746-768x1365.jpg 768w, https:\/\/www.pikniknauki.ur.edu.pl\/wp-content\/uploads\/2025\/09\/20250524_153746-864x1536.jpg 864w, https:\/\/www.pikniknauki.ur.edu.pl\/wp-content\/uploads\/2025\/09\/20250524_153746-1152x2048.jpg 1152w, https:\/\/www.pikniknauki.ur.edu.pl\/wp-content\/uploads\/2025\/09\/20250524_153746-960x1707.jpg 960w, https:\/\/www.pikniknauki.ur.edu.pl\/wp-content\/uploads\/2025\/09\/20250524_153746-scaled.jpg 1440w\" sizes=\"auto, (max-width: 576px) 100vw, 576px\" \/><\/figure>\n\n\n\n<figure class=\"wp-block-image size-large\"><img loading=\"lazy\" decoding=\"async\" width=\"576\" height=\"1024\" data-id=\"1635\" src=\"https:\/\/www.pikniknauki.ur.edu.pl\/wp-content\/uploads\/2025\/09\/20250524_153213-576x1024.jpg\" alt=\"\" class=\"wp-image-1635\" srcset=\"https:\/\/www.pikniknauki.ur.edu.pl\/wp-content\/uploads\/2025\/09\/20250524_153213-576x1024.jpg 576w, https:\/\/www.pikniknauki.ur.edu.pl\/wp-content\/uploads\/2025\/09\/20250524_153213-169x300.jpg 169w, https:\/\/www.pikniknauki.ur.edu.pl\/wp-content\/uploads\/2025\/09\/20250524_153213-768x1365.jpg 768w, https:\/\/www.pikniknauki.ur.edu.pl\/wp-content\/uploads\/2025\/09\/20250524_153213-864x1536.jpg 864w, https:\/\/www.pikniknauki.ur.edu.pl\/wp-content\/uploads\/2025\/09\/20250524_153213-1152x2048.jpg 1152w, https:\/\/www.pikniknauki.ur.edu.pl\/wp-content\/uploads\/2025\/09\/20250524_153213-960x1707.jpg 960w, https:\/\/www.pikniknauki.ur.edu.pl\/wp-content\/uploads\/2025\/09\/20250524_153213-scaled.jpg 1440w\" sizes=\"auto, (max-width: 576px) 100vw, 576px\" \/><\/figure>\n\n\n\n<figure class=\"wp-block-image size-large\"><img loading=\"lazy\" decoding=\"async\" width=\"1024\" height=\"769\" data-id=\"1638\" src=\"https:\/\/www.pikniknauki.ur.edu.pl\/wp-content\/uploads\/2025\/09\/P1130891-1024x769.jpg\" alt=\"\" class=\"wp-image-1638\" srcset=\"https:\/\/www.pikniknauki.ur.edu.pl\/wp-content\/uploads\/2025\/09\/P1130891-1024x769.jpg 1024w, https:\/\/www.pikniknauki.ur.edu.pl\/wp-content\/uploads\/2025\/09\/P1130891-300x225.jpg 300w, https:\/\/www.pikniknauki.ur.edu.pl\/wp-content\/uploads\/2025\/09\/P1130891-768x577.jpg 768w, https:\/\/www.pikniknauki.ur.edu.pl\/wp-content\/uploads\/2025\/09\/P1130891-1536x1153.jpg 1536w, https:\/\/www.pikniknauki.ur.edu.pl\/wp-content\/uploads\/2025\/09\/P1130891-2048x1538.jpg 2048w, https:\/\/www.pikniknauki.ur.edu.pl\/wp-content\/uploads\/2025\/09\/P1130891-960x721.jpg 960w\" sizes=\"auto, (max-width: 1024px) 100vw, 1024px\" \/><\/figure>\n\n\n\n<figure class=\"wp-block-image size-large\"><img loading=\"lazy\" decoding=\"async\" width=\"1024\" height=\"769\" data-id=\"1642\" src=\"https:\/\/www.pikniknauki.ur.edu.pl\/wp-content\/uploads\/2025\/09\/P1130874-1024x769.jpg\" alt=\"\" class=\"wp-image-1642\" srcset=\"https:\/\/www.pikniknauki.ur.edu.pl\/wp-content\/uploads\/2025\/09\/P1130874-1024x769.jpg 1024w, https:\/\/www.pikniknauki.ur.edu.pl\/wp-content\/uploads\/2025\/09\/P1130874-300x225.jpg 300w, https:\/\/www.pikniknauki.ur.edu.pl\/wp-content\/uploads\/2025\/09\/P1130874-768x577.jpg 768w, https:\/\/www.pikniknauki.ur.edu.pl\/wp-content\/uploads\/2025\/09\/P1130874-1536x1153.jpg 1536w, https:\/\/www.pikniknauki.ur.edu.pl\/wp-content\/uploads\/2025\/09\/P1130874-2048x1538.jpg 2048w, https:\/\/www.pikniknauki.ur.edu.pl\/wp-content\/uploads\/2025\/09\/P1130874-960x721.jpg 960w\" sizes=\"auto, (max-width: 1024px) 100vw, 1024px\" \/><\/figure>\n<\/figure>\n\n\n\n<figure class=\"wp-block-image size-large\"><img loading=\"lazy\" decoding=\"async\" width=\"1024\" height=\"114\" src=\"https:\/\/www.pikniknauki.ur.edu.pl\/wp-content\/uploads\/2026\/04\/Baner-patronat-medialny-kpl-1024x114.jpg\" alt=\"\" class=\"wp-image-1663\" srcset=\"https:\/\/www.pikniknauki.ur.edu.pl\/wp-content\/uploads\/2026\/04\/Baner-patronat-medialny-kpl-1024x114.jpg 1024w, https:\/\/www.pikniknauki.ur.edu.pl\/wp-content\/uploads\/2026\/04\/Baner-patronat-medialny-kpl-300x33.jpg 300w, https:\/\/www.pikniknauki.ur.edu.pl\/wp-content\/uploads\/2026\/04\/Baner-patronat-medialny-kpl-768x85.jpg 768w, https:\/\/www.pikniknauki.ur.edu.pl\/wp-content\/uploads\/2026\/04\/Baner-patronat-medialny-kpl-1536x171.jpg 1536w, https:\/\/www.pikniknauki.ur.edu.pl\/wp-content\/uploads\/2026\/04\/Baner-patronat-medialny-kpl-960x107.jpg 960w, https:\/\/www.pikniknauki.ur.edu.pl\/wp-content\/uploads\/2026\/04\/Baner-patronat-medialny-kpl.jpg 1601w\" sizes=\"auto, (max-width: 1024px) 100vw, 1024px\" \/><\/figure>\n","protected":false},"excerpt":{"rendered":"<p>To ju\u017c po raz 16 w centrum miasta go\u015bci\u0107 b\u0119dziemy znamienitych popularyzator\u00f3w nauk wszelkich. Opr\u00f3cz tych, kt\u00f3rzy od lat uczestnicz\u0105 jako wystawcy wydarzenia, pojawi\u0105 si\u0119 te\u017c nowi. B\u0119d\u0105 tak\u017ce Go\u015bcie Specjalni.... Zapraszamy! Tak za\u015b by\u0142o w ubieg\u0142ym roku.<\/p>\n","protected":false},"author":1,"featured_media":0,"parent":0,"menu_order":0,"comment_status":"closed","ping_status":"closed","template":"","meta":{"footnotes":""},"class_list":["post-1561","page","type-page","status-publish","h-entry","hentry","h-as-page"],"_links":{"self":[{"href":"https:\/\/www.pikniknauki.ur.edu.pl\/index.php\/wp-json\/wp\/v2\/pages\/1561","targetHints":{"allow":["GET"]}}],"collection":[{"href":"https:\/\/www.pikniknauki.ur.edu.pl\/index.php\/wp-json\/wp\/v2\/pages"}],"about":[{"href":"https:\/\/www.pikniknauki.ur.edu.pl\/index.php\/wp-json\/wp\/v2\/types\/page"}],"author":[{"embeddable":true,"href":"https:\/\/www.pikniknauki.ur.edu.pl\/index.php\/wp-json\/wp\/v2\/users\/1"}],"replies":[{"embeddable":true,"href":"https:\/\/www.pikniknauki.ur.edu.pl\/index.php\/wp-json\/wp\/v2\/comments?post=1561"}],"version-history":[{"count":7,"href":"https:\/\/www.pikniknauki.ur.edu.pl\/index.php\/wp-json\/wp\/v2\/pages\/1561\/revisions"}],"predecessor-version":[{"id":1692,"href":"https:\/\/www.pikniknauki.ur.edu.pl\/index.php\/wp-json\/wp\/v2\/pages\/1561\/revisions\/1692"}],"wp:attachment":[{"href":"https:\/\/www.pikniknauki.ur.edu.pl\/index.php\/wp-json\/wp\/v2\/media?parent=1561"}],"curies":[{"name":"wp","href":"https:\/\/api.w.org\/{rel}","templated":true}]}}