{"id":1518,"date":"2025-03-30T13:12:22","date_gmt":"2025-03-30T11:12:22","guid":{"rendered":"https:\/\/www.pikniknauki.ur.edu.pl\/?page_id=1518"},"modified":"2025-09-22T11:24:01","modified_gmt":"2025-09-22T09:24:01","slug":"pne-2023-sobota-pelna-wrazen","status":"publish","type":"page","link":"https:\/\/www.pikniknauki.ur.edu.pl\/index.php\/pne-2023\/pne-2023-sobota-pelna-wrazen\/","title":{"rendered":"PNE 2023 Sobota Pe\u0142na Wra\u017ce\u0144"},"content":{"rendered":"\n<figure class=\"wp-block-image size-large\"><img loading=\"lazy\" decoding=\"async\" width=\"1024\" height=\"686\" src=\"https:\/\/www.pikniknauki.ur.edu.pl\/wp-content\/uploads\/2025\/03\/9-1024x686.jpg\" alt=\"\" class=\"wp-image-1519\" srcset=\"https:\/\/www.pikniknauki.ur.edu.pl\/wp-content\/uploads\/2025\/03\/9-1024x686.jpg 1024w, https:\/\/www.pikniknauki.ur.edu.pl\/wp-content\/uploads\/2025\/03\/9-300x201.jpg 300w, https:\/\/www.pikniknauki.ur.edu.pl\/wp-content\/uploads\/2025\/03\/9-768x514.jpg 768w, https:\/\/www.pikniknauki.ur.edu.pl\/wp-content\/uploads\/2025\/03\/9-1536x1028.jpg 1536w, https:\/\/www.pikniknauki.ur.edu.pl\/wp-content\/uploads\/2025\/03\/9-2048x1371.jpg 2048w, https:\/\/www.pikniknauki.ur.edu.pl\/wp-content\/uploads\/2025\/03\/9-960x643.jpg 960w\" sizes=\"auto, (max-width: 1024px) 100vw, 1024px\" \/><\/figure>\n\n\n\n<figure class=\"wp-block-image size-large\"><img loading=\"lazy\" decoding=\"async\" width=\"1024\" height=\"721\" src=\"https:\/\/www.pikniknauki.ur.edu.pl\/wp-content\/uploads\/2025\/03\/10-1024x721.jpg\" alt=\"\" class=\"wp-image-1520\" srcset=\"https:\/\/www.pikniknauki.ur.edu.pl\/wp-content\/uploads\/2025\/03\/10-1024x721.jpg 1024w, https:\/\/www.pikniknauki.ur.edu.pl\/wp-content\/uploads\/2025\/03\/10-300x211.jpg 300w, https:\/\/www.pikniknauki.ur.edu.pl\/wp-content\/uploads\/2025\/03\/10-768x541.jpg 768w, https:\/\/www.pikniknauki.ur.edu.pl\/wp-content\/uploads\/2025\/03\/10-1536x1082.jpg 1536w, https:\/\/www.pikniknauki.ur.edu.pl\/wp-content\/uploads\/2025\/03\/10-2048x1443.jpg 2048w, https:\/\/www.pikniknauki.ur.edu.pl\/wp-content\/uploads\/2025\/03\/10-960x676.jpg 960w\" sizes=\"auto, (max-width: 1024px) 100vw, 1024px\" \/><\/figure>\n\n\n\n<figure class=\"wp-block-image size-large\"><img loading=\"lazy\" decoding=\"async\" width=\"1024\" height=\"722\" src=\"https:\/\/www.pikniknauki.ur.edu.pl\/wp-content\/uploads\/2025\/03\/11-1024x722.jpg\" alt=\"\" class=\"wp-image-1521\" srcset=\"https:\/\/www.pikniknauki.ur.edu.pl\/wp-content\/uploads\/2025\/03\/11-1024x722.jpg 1024w, https:\/\/www.pikniknauki.ur.edu.pl\/wp-content\/uploads\/2025\/03\/11-300x211.jpg 300w, https:\/\/www.pikniknauki.ur.edu.pl\/wp-content\/uploads\/2025\/03\/11-768x541.jpg 768w, https:\/\/www.pikniknauki.ur.edu.pl\/wp-content\/uploads\/2025\/03\/11-1536x1083.jpg 1536w, https:\/\/www.pikniknauki.ur.edu.pl\/wp-content\/uploads\/2025\/03\/11-2048x1444.jpg 2048w, https:\/\/www.pikniknauki.ur.edu.pl\/wp-content\/uploads\/2025\/03\/11-960x677.jpg 960w\" sizes=\"auto, (max-width: 1024px) 100vw, 1024px\" \/><\/figure>\n\n\n\n<figure class=\"wp-block-image size-large\"><img loading=\"lazy\" decoding=\"async\" width=\"1024\" height=\"722\" src=\"https:\/\/www.pikniknauki.ur.edu.pl\/wp-content\/uploads\/2025\/03\/12-1024x722.jpg\" alt=\"\" class=\"wp-image-1522\" srcset=\"https:\/\/www.pikniknauki.ur.edu.pl\/wp-content\/uploads\/2025\/03\/12-1024x722.jpg 1024w, https:\/\/www.pikniknauki.ur.edu.pl\/wp-content\/uploads\/2025\/03\/12-300x211.jpg 300w, https:\/\/www.pikniknauki.ur.edu.pl\/wp-content\/uploads\/2025\/03\/12-768x541.jpg 768w, https:\/\/www.pikniknauki.ur.edu.pl\/wp-content\/uploads\/2025\/03\/12-1536x1083.jpg 1536w, https:\/\/www.pikniknauki.ur.edu.pl\/wp-content\/uploads\/2025\/03\/12-2048x1444.jpg 2048w, https:\/\/www.pikniknauki.ur.edu.pl\/wp-content\/uploads\/2025\/03\/12-960x677.jpg 960w\" sizes=\"auto, (max-width: 1024px) 100vw, 1024px\" \/><\/figure>\n","protected":false},"excerpt":{"rendered":"","protected":false},"author":1,"featured_media":0,"parent":1392,"menu_order":0,"comment_status":"closed","ping_status":"closed","template":"page-templates\/full-width.php","meta":{"footnotes":""},"class_list":["post-1518","page","type-page","status-publish","h-entry","hentry","h-as-page"],"_links":{"self":[{"href":"https:\/\/www.pikniknauki.ur.edu.pl\/index.php\/wp-json\/wp\/v2\/pages\/1518","targetHints":{"allow":["GET"]}}],"collection":[{"href":"https:\/\/www.pikniknauki.ur.edu.pl\/index.php\/wp-json\/wp\/v2\/pages"}],"about":[{"href":"https:\/\/www.pikniknauki.ur.edu.pl\/index.php\/wp-json\/wp\/v2\/types\/page"}],"author":[{"embeddable":true,"href":"https:\/\/www.pikniknauki.ur.edu.pl\/index.php\/wp-json\/wp\/v2\/users\/1"}],"replies":[{"embeddable":true,"href":"https:\/\/www.pikniknauki.ur.edu.pl\/index.php\/wp-json\/wp\/v2\/comments?post=1518"}],"version-history":[{"count":1,"href":"https:\/\/www.pikniknauki.ur.edu.pl\/index.php\/wp-json\/wp\/v2\/pages\/1518\/revisions"}],"predecessor-version":[{"id":1523,"href":"https:\/\/www.pikniknauki.ur.edu.pl\/index.php\/wp-json\/wp\/v2\/pages\/1518\/revisions\/1523"}],"up":[{"embeddable":true,"href":"https:\/\/www.pikniknauki.ur.edu.pl\/index.php\/wp-json\/wp\/v2\/pages\/1392"}],"wp:attachment":[{"href":"https:\/\/www.pikniknauki.ur.edu.pl\/index.php\/wp-json\/wp\/v2\/media?parent=1518"}],"curies":[{"name":"wp","href":"https:\/\/api.w.org\/{rel}","templated":true}]}}