{"id":141,"date":"2018-04-22T11:04:04","date_gmt":"2018-04-22T09:04:04","guid":{"rendered":"http:\/\/www.pikniknauki.ur.edu.pl\/?page_id=141"},"modified":"2018-10-07T13:26:08","modified_gmt":"2018-10-07T11:26:08","slug":"program","status":"publish","type":"page","link":"https:\/\/www.pikniknauki.ur.edu.pl\/index.php\/pne-2018-relacja\/program\/","title":{"rendered":"PROGRAM"},"content":{"rendered":"<p><strong><img loading=\"lazy\" decoding=\"async\" class=\"alignnone wp-image-98\" src=\"https:\/\/www.pikniknauki.ur.edu.pl\/wp-content\/uploads\/2018\/04\/baner-pne2018-300x30.png\" alt=\"\" width=\"1000\" height=\"100\" srcset=\"https:\/\/www.pikniknauki.ur.edu.pl\/wp-content\/uploads\/2018\/04\/baner-pne2018-300x30.png 300w, https:\/\/www.pikniknauki.ur.edu.pl\/wp-content\/uploads\/2018\/04\/baner-pne2018-768x77.png 768w, https:\/\/www.pikniknauki.ur.edu.pl\/wp-content\/uploads\/2018\/04\/baner-pne2018.png 900w\" sizes=\"auto, (max-width: 1000px) 100vw, 1000px\" \/>1<\/strong>. <strong>Piknik Nauki <span style=\"color: #ff6600;\">EKSPLORACJE<\/span> \u2013 PRELEUDIUM (Temat przewodni - \u201eNasza Cywilizacja\u201d).<br \/>\n<\/strong><strong>25.05 (pi\u0105tek) w godz. 18:00-21:00 - Uniwersytet Rzeszowski bud. A0 przy ul. Pigonia 1<\/strong><\/p>\n<p>Wyk\u0142ad popularnonaukowy \u201eTechnika w Kosmosie\u201d - prof. Piotr Gronkowski - godz. 18:15<\/p>\n<p>Zwiedzanie obserwatorium astronomicznego od godz. 19:00 (Liczba miejsc ograniczona)\u00a0- dr. Marcin Weso\u0142owski, mgr Zenon Sacharczuk<\/p>\n<p>Pokazy i stoiska k\u00f3\u0142 naukowych Uniwersytetu Rzeszowskiego: KN \u201eMechatron\u201d, KN Matematyk\u00f3w, KN Informatyk\u00f3w.<\/p>\n<hr \/>\n<p><strong>2<\/strong>. <strong>Piknik Nauki <span style=\"color: #ff6600;\">EKSPLORACJE<\/span> \u2013 PIKNIK<\/strong> <strong>(Miasteczko NAUKI).<br \/>\n<\/strong><strong>26.05 (sobota) w godz. 11:00-18:00\u00a0 - AL. Lubomirskich, Pl. AK, ul. Szopena, parking RARR, fosa Zamku<\/strong>.<\/p>\n<p>Uroczyste otwarcie \u2013 godz. 11:00<\/p>\n<p>Pokazy, warsztaty, konkursy, mikro-prelekcje, interaktywne eksponaty na 40 stoiskach Wystawc\u00f3w; centr\u00f3w nauki, uczelni, k\u00f3\u0142 naukowych, szk\u00f3\u0142, instytucji, organizacji pozarz\u0105dowych oraz firm.<\/p>\n<p>Pokazy na scenie g\u0142\u00f3wnej: CN \u201eKopernik\u201d - godz. 12:00 i 14:00, \u201eHeweliusze Nauki\u201d \u2013 godz. 16:00<\/p>\n<p style=\"text-align: center;\"><a href=\"https:\/\/www.pikniknauki.ur.edu.pl\/index.php\/plan-pikniku\/\" target=\"_blank\" rel=\"noopener\"><strong>PLAN ROZMIESZCZENIA STOISK<\/strong><\/a><\/p>\n<hr \/>\n<p><strong>3. Piknik Nauki <span style=\"color: #ff6600;\">EKSPLORACJE<\/span> \u2013 WYPRAWA (Temat przewodni \u2013 \u015awiat Wok\u00f3\u0142 Nas\u201d).<br \/>\n<\/strong><strong>27.05 (niedziela) w godz. 11:00-14:00 - <\/strong> <strong>tereny rekreacyjne nad Zalewem przy rezerwacie Lisia G\u00f3ra.<\/strong><\/p>\n<p>Pokazy, warsztaty, mikro-prelekcje, interaktywne eksponaty na stoisku Stowarzyszenia \u201eEKOSKOP\u201d.<\/p>\n<p>Wyprawa do Rezerwatu Przyrody Lisia G\u00f3ra - prof. UR Andrzej Bobiec i dr Agata \u0106wik \u2013 godz. 12:00<\/p>\n<p>Rejs katamaranem po Zalewie - godz. 11:00, 12:00, 13:00. (Liczba miejsc ograniczona).<\/p>\n<hr \/>\n<p><strong>4. Piknik Nauki <span style=\"color: #ff6600;\">EKSPLORACJE<\/span> \u2013 FINA\u0141 (Temat przewodni \u2013 \u201eMy Ludzie\u201d).<br \/>\n<\/strong><strong>27.05 (niedziela) w godz. 18:00-21:00 \/ \u00a0 Uniwersytet Rzeszowski bud. A0 przy ul. Pigonia 1<\/strong><\/p>\n<p>Wyk\u0142ad popularnonaukowy \u201eHistologia dla ka\u017cdego\u201d \u2013 dr Sabina Galiniak \u2013 godz. 18:15<\/p>\n<p>Pokazy i stoiska k\u00f3\u0142 naukowych Uniwersytetu Rzeszowskiego:<\/p>\n<p>KN \u201eBio-Tech\u201d, KN Dietetyk\u00f3w, KN Ratownictwa Medycznego.<\/p>\n<p>&nbsp;<\/p>\n<p><img loading=\"lazy\" decoding=\"async\" class=\"size-full wp-image-509 aligncenter\" src=\"https:\/\/www.pikniknauki.ur.edu.pl\/wp-content\/uploads\/2018\/10\/Baner-2018-z-logotypami.jpg\" alt=\"\" width=\"3000\" height=\"819\" srcset=\"https:\/\/www.pikniknauki.ur.edu.pl\/wp-content\/uploads\/2018\/10\/Baner-2018-z-logotypami.jpg 3000w, https:\/\/www.pikniknauki.ur.edu.pl\/wp-content\/uploads\/2018\/10\/Baner-2018-z-logotypami-300x82.jpg 300w, https:\/\/www.pikniknauki.ur.edu.pl\/wp-content\/uploads\/2018\/10\/Baner-2018-z-logotypami-768x210.jpg 768w, https:\/\/www.pikniknauki.ur.edu.pl\/wp-content\/uploads\/2018\/10\/Baner-2018-z-logotypami-1024x280.jpg 1024w, https:\/\/www.pikniknauki.ur.edu.pl\/wp-content\/uploads\/2018\/10\/Baner-2018-z-logotypami-960x262.jpg 960w\" sizes=\"auto, (max-width: 3000px) 100vw, 3000px\" \/><\/p>\n","protected":false},"excerpt":{"rendered":"<p>1. Piknik Nauki EKSPLORACJE \u2013 PRELEUDIUM (Temat przewodni - \u201eNasza Cywilizacja\u201d). 25.05 (pi\u0105tek) w godz. 18:00-21:00 - Uniwersytet Rzeszowski bud. A0 przy ul. Pigonia 1 Wyk\u0142ad popularnonaukowy \u201eTechnika w Kosmosie\u201d - prof. Piotr Gronkowski - godz. 18:15 Zwiedzanie obserwatorium astronomicznego od godz. 19:00 (Liczba miejsc ograniczona)\u00a0- dr. Marcin Weso\u0142owski, mgr Zenon Sacharczuk Pokazy i stoiska <a href=\"https:\/\/www.pikniknauki.ur.edu.pl\/index.php\/pne-2018-relacja\/program\/\" class=\"more-link\">Czytaj dalej...<span class=\"screen-reader-text\"> \"PROGRAM\"<\/span><\/a><\/p>\n","protected":false},"author":1,"featured_media":0,"parent":281,"menu_order":0,"comment_status":"closed","ping_status":"closed","template":"page-templates\/full-width.php","meta":{"footnotes":""},"class_list":["post-141","page","type-page","status-publish","h-entry","hentry","h-as-page"],"_links":{"self":[{"href":"https:\/\/www.pikniknauki.ur.edu.pl\/index.php\/wp-json\/wp\/v2\/pages\/141","targetHints":{"allow":["GET"]}}],"collection":[{"href":"https:\/\/www.pikniknauki.ur.edu.pl\/index.php\/wp-json\/wp\/v2\/pages"}],"about":[{"href":"https:\/\/www.pikniknauki.ur.edu.pl\/index.php\/wp-json\/wp\/v2\/types\/page"}],"author":[{"embeddable":true,"href":"https:\/\/www.pikniknauki.ur.edu.pl\/index.php\/wp-json\/wp\/v2\/users\/1"}],"replies":[{"embeddable":true,"href":"https:\/\/www.pikniknauki.ur.edu.pl\/index.php\/wp-json\/wp\/v2\/comments?post=141"}],"version-history":[{"count":16,"href":"https:\/\/www.pikniknauki.ur.edu.pl\/index.php\/wp-json\/wp\/v2\/pages\/141\/revisions"}],"predecessor-version":[{"id":536,"href":"https:\/\/www.pikniknauki.ur.edu.pl\/index.php\/wp-json\/wp\/v2\/pages\/141\/revisions\/536"}],"up":[{"embeddable":true,"href":"https:\/\/www.pikniknauki.ur.edu.pl\/index.php\/wp-json\/wp\/v2\/pages\/281"}],"wp:attachment":[{"href":"https:\/\/www.pikniknauki.ur.edu.pl\/index.php\/wp-json\/wp\/v2\/media?parent=141"}],"curies":[{"name":"wp","href":"https:\/\/api.w.org\/{rel}","templated":true}]}}