{"id":1369,"date":"2022-07-31T19:29:39","date_gmt":"2022-07-31T17:29:39","guid":{"rendered":"http:\/\/www.pikniknauki.ur.edu.pl\/?page_id=1369"},"modified":"2022-08-06T18:15:49","modified_gmt":"2022-08-06T16:15:49","slug":"pne-2020","status":"publish","type":"page","link":"https:\/\/www.pikniknauki.ur.edu.pl\/index.php\/pne-2020\/","title":{"rendered":"PNE 2020"},"content":{"rendered":"\n<figure class=\"wp-block-image size-large\"><img loading=\"lazy\" decoding=\"async\" width=\"1024\" height=\"329\" src=\"https:\/\/www.pikniknauki.ur.edu.pl\/wp-content\/uploads\/2022\/07\/E-PIKNIK-CP-grupa-niski-1024x329.jpg\" alt=\"\" class=\"wp-image-1315\" srcset=\"https:\/\/www.pikniknauki.ur.edu.pl\/wp-content\/uploads\/2022\/07\/E-PIKNIK-CP-grupa-niski-1024x329.jpg 1024w, https:\/\/www.pikniknauki.ur.edu.pl\/wp-content\/uploads\/2022\/07\/E-PIKNIK-CP-grupa-niski-300x97.jpg 300w, https:\/\/www.pikniknauki.ur.edu.pl\/wp-content\/uploads\/2022\/07\/E-PIKNIK-CP-grupa-niski-768x247.jpg 768w, https:\/\/www.pikniknauki.ur.edu.pl\/wp-content\/uploads\/2022\/07\/E-PIKNIK-CP-grupa-niski-1536x494.jpg 1536w, https:\/\/www.pikniknauki.ur.edu.pl\/wp-content\/uploads\/2022\/07\/E-PIKNIK-CP-grupa-niski-960x309.jpg 960w, https:\/\/www.pikniknauki.ur.edu.pl\/wp-content\/uploads\/2022\/07\/E-PIKNIK-CP-grupa-niski.jpg 1921w\" sizes=\"auto, (max-width: 1024px) 100vw, 1024px\" \/><\/figure>\n\n\n\n<p>Piknik Nauki EKSPLORACJE 2020 ze wzgl\u0119du na panuj\u0105c\u0105 w Polsce pandemi\u0119 wirusa SARS-CoV-2, zosta\u0142 przeprowadzony w dniach 22-24 maja w formie wirtualnej w mediach spo\u0142eczno\u015bciowych na platformie Facebook w specjalnie zorganizowanej grupie e-Piknik Nauki EKSPLORACJE.<\/p>\n\n\n\n<p>Zobacz posty, relacje na \u017cywo i filmy przygotowane przez uczestnik\u00f3w wirtualnego pikniku.<\/p>\n\n\n\n<div class=\"wp-block-buttons is-content-justification-center is-layout-flex wp-container-core-buttons-is-layout-16018d1d wp-block-buttons-is-layout-flex\">\n<div class=\"wp-block-button has-custom-width wp-block-button__width-75 has-custom-font-size has-large-font-size\"><a class=\"wp-block-button__link has-vivid-green-cyan-background-color has-background\" href=\"https:\/\/www.facebook.com\/groups\/epikniknauki\"><strong>e-Piknik Nauki EKSPLORACJE<\/strong><\/a><\/div>\n<\/div>\n","protected":false},"excerpt":{"rendered":"<p>Piknik Nauki EKSPLORACJE 2020 ze wzgl\u0119du na panuj\u0105c\u0105 w Polsce pandemi\u0119 wirusa SARS-CoV-2, zosta\u0142 przeprowadzony w dniach 22-24 maja w formie wirtualnej w mediach spo\u0142eczno\u015bciowych na platformie Facebook w specjalnie zorganizowanej grupie e-Piknik Nauki EKSPLORACJE. Zobacz posty, relacje na \u017cywo i filmy przygotowane przez uczestnik\u00f3w wirtualnego pikniku.<\/p>\n","protected":false},"author":1,"featured_media":0,"parent":0,"menu_order":0,"comment_status":"closed","ping_status":"closed","template":"page-templates\/full-width.php","meta":{"footnotes":""},"class_list":["post-1369","page","type-page","status-publish","h-entry","hentry","h-as-page"],"_links":{"self":[{"href":"https:\/\/www.pikniknauki.ur.edu.pl\/index.php\/wp-json\/wp\/v2\/pages\/1369","targetHints":{"allow":["GET"]}}],"collection":[{"href":"https:\/\/www.pikniknauki.ur.edu.pl\/index.php\/wp-json\/wp\/v2\/pages"}],"about":[{"href":"https:\/\/www.pikniknauki.ur.edu.pl\/index.php\/wp-json\/wp\/v2\/types\/page"}],"author":[{"embeddable":true,"href":"https:\/\/www.pikniknauki.ur.edu.pl\/index.php\/wp-json\/wp\/v2\/users\/1"}],"replies":[{"embeddable":true,"href":"https:\/\/www.pikniknauki.ur.edu.pl\/index.php\/wp-json\/wp\/v2\/comments?post=1369"}],"version-history":[{"count":6,"href":"https:\/\/www.pikniknauki.ur.edu.pl\/index.php\/wp-json\/wp\/v2\/pages\/1369\/revisions"}],"predecessor-version":[{"id":1380,"href":"https:\/\/www.pikniknauki.ur.edu.pl\/index.php\/wp-json\/wp\/v2\/pages\/1369\/revisions\/1380"}],"wp:attachment":[{"href":"https:\/\/www.pikniknauki.ur.edu.pl\/index.php\/wp-json\/wp\/v2\/media?parent=1369"}],"curies":[{"name":"wp","href":"https:\/\/api.w.org\/{rel}","templated":true}]}}