{"id":1238,"date":"2022-07-29T14:40:38","date_gmt":"2022-07-29T12:40:38","guid":{"rendered":"http:\/\/www.pikniknauki.ur.edu.pl\/?page_id=1238"},"modified":"2022-07-29T15:35:41","modified_gmt":"2022-07-29T13:35:41","slug":"lotniczy-piatek","status":"publish","type":"page","link":"https:\/\/www.pikniknauki.ur.edu.pl\/index.php\/historia-2010-2021\/pne-2022\/lotniczy-piatek\/","title":{"rendered":"Lotniczy Pi\u0105tek"},"content":{"rendered":"\n<figure class=\"wp-block-image size-large\"><img loading=\"lazy\" decoding=\"async\" width=\"1024\" height=\"138\" src=\"https:\/\/www.pikniknauki.ur.edu.pl\/wp-content\/uploads\/2022\/07\/Lotniczy-piatek-1024x138.jpg\" alt=\"\" class=\"wp-image-1167\" srcset=\"https:\/\/www.pikniknauki.ur.edu.pl\/wp-content\/uploads\/2022\/07\/Lotniczy-piatek-1024x138.jpg 1024w, https:\/\/www.pikniknauki.ur.edu.pl\/wp-content\/uploads\/2022\/07\/Lotniczy-piatek-300x41.jpg 300w, https:\/\/www.pikniknauki.ur.edu.pl\/wp-content\/uploads\/2022\/07\/Lotniczy-piatek-768x104.jpg 768w, https:\/\/www.pikniknauki.ur.edu.pl\/wp-content\/uploads\/2022\/07\/Lotniczy-piatek-1536x207.jpg 1536w, https:\/\/www.pikniknauki.ur.edu.pl\/wp-content\/uploads\/2022\/07\/Lotniczy-piatek-2048x277.jpg 2048w, https:\/\/www.pikniknauki.ur.edu.pl\/wp-content\/uploads\/2022\/07\/Lotniczy-piatek-960x130.jpg 960w\" sizes=\"auto, (max-width: 1024px) 100vw, 1024px\" \/><\/figure>\n\n\n\n<p>Zorganizowana przez <strong>Politechnik\u0119 Rzeszowsk\u0105 im. Ignacego \u0141ukasiewicza<\/strong>, po\u015bwi\u0119cona technice i technologiom lotniczym, <br>cz\u0119\u015b\u0107 Pikniku Nauki <strong>EKSPLORACJE 2022<\/strong> odby\u0142a si\u0119 w budynku Wydzia\u0142u Budowy Maszyn i Lotnictwa Politechniki Rzeszowskiej. Pasjonaci lotnictwa, kt\u00f3rzy przybyli w tym dniu do budynk\u00f3w Politechniki mogli pod okiem pracownik\u00f3w i student\u00f3w pilota\u017cu Politechniki Rzeszowskiej zwiedza\u0107 laboratoria i ekspozycje zwi\u0105zane z lotnictwem i motoryzacj\u0105. Poznali zasady i metody szkolenia przysz\u0142ych zawodowych pilot\u00f3w. W trakcie wydarzenia mo\u017cna by\u0142o dowiedzie\u0107 si\u0119 jak wygl\u0105da przygotowanie pilota do lotu, zwiedzi\u0107 hangary, gdzie z bliska mo\u017cna by\u0142o zobaczy\u0107 samoloty, kt\u00f3rymi dysponuje Politechnika Rzeszowska, a tak\u017ce podgl\u0105dn\u0105\u0107 szkolenie na symulatorze lotu. Dodatkow\u0105 atrakcj\u0105 by\u0142y: \u0142azik marsja\u0144ski \u201eLegendary\u201d, bolid \u201eFormu\u0142a Student\u201d oraz modele lataj\u0105ce skonstruowane przez student\u00f3w Politechniki Rzeszowskiej.<\/p>\n\n\n\n<div class=\"wp-block-columns is-layout-flex wp-container-core-columns-is-layout-9d6595d7 wp-block-columns-is-layout-flex\">\n<div class=\"wp-block-column is-layout-flow wp-block-column-is-layout-flow\" style=\"flex-basis:100%\">\n<div class=\"wp-block-columns is-layout-flex wp-container-core-columns-is-layout-9d6595d7 wp-block-columns-is-layout-flex\">\n<div class=\"wp-block-column is-layout-flow wp-block-column-is-layout-flow\" style=\"flex-basis:100%\">\n<figure class=\"wp-block-gallery has-nested-images columns-2 is-cropped wp-block-gallery-1 is-layout-flex wp-block-gallery-is-layout-flex\">\n<figure class=\"wp-block-image size-large\"><img loading=\"lazy\" decoding=\"async\" width=\"2560\" height=\"1709\" data-id=\"1247\" src=\"https:\/\/www.pikniknauki.ur.edu.pl\/wp-content\/uploads\/2022\/07\/DSC_3889-scaled.jpg\" alt=\"\" class=\"wp-image-1247\" srcset=\"https:\/\/www.pikniknauki.ur.edu.pl\/wp-content\/uploads\/2022\/07\/DSC_3889-scaled.jpg 2560w, https:\/\/www.pikniknauki.ur.edu.pl\/wp-content\/uploads\/2022\/07\/DSC_3889-300x200.jpg 300w, https:\/\/www.pikniknauki.ur.edu.pl\/wp-content\/uploads\/2022\/07\/DSC_3889-1024x684.jpg 1024w, https:\/\/www.pikniknauki.ur.edu.pl\/wp-content\/uploads\/2022\/07\/DSC_3889-768x513.jpg 768w, https:\/\/www.pikniknauki.ur.edu.pl\/wp-content\/uploads\/2022\/07\/DSC_3889-1536x1025.jpg 1536w, https:\/\/www.pikniknauki.ur.edu.pl\/wp-content\/uploads\/2022\/07\/DSC_3889-2048x1367.jpg 2048w, https:\/\/www.pikniknauki.ur.edu.pl\/wp-content\/uploads\/2022\/07\/DSC_3889-960x641.jpg 960w\" sizes=\"auto, (max-width: 2560px) 100vw, 2560px\" \/><\/figure>\n\n\n\n<figure class=\"wp-block-image size-large\"><img loading=\"lazy\" decoding=\"async\" width=\"2560\" height=\"1709\" data-id=\"1239\" src=\"https:\/\/www.pikniknauki.ur.edu.pl\/wp-content\/uploads\/2022\/07\/DSC_3686-scaled.jpg\" alt=\"\" class=\"wp-image-1239\" srcset=\"https:\/\/www.pikniknauki.ur.edu.pl\/wp-content\/uploads\/2022\/07\/DSC_3686-scaled.jpg 2560w, https:\/\/www.pikniknauki.ur.edu.pl\/wp-content\/uploads\/2022\/07\/DSC_3686-300x200.jpg 300w, https:\/\/www.pikniknauki.ur.edu.pl\/wp-content\/uploads\/2022\/07\/DSC_3686-1024x684.jpg 1024w, https:\/\/www.pikniknauki.ur.edu.pl\/wp-content\/uploads\/2022\/07\/DSC_3686-768x513.jpg 768w, https:\/\/www.pikniknauki.ur.edu.pl\/wp-content\/uploads\/2022\/07\/DSC_3686-1536x1025.jpg 1536w, https:\/\/www.pikniknauki.ur.edu.pl\/wp-content\/uploads\/2022\/07\/DSC_3686-2048x1367.jpg 2048w, https:\/\/www.pikniknauki.ur.edu.pl\/wp-content\/uploads\/2022\/07\/DSC_3686-960x641.jpg 960w\" sizes=\"auto, (max-width: 2560px) 100vw, 2560px\" \/><\/figure>\n\n\n\n<figure class=\"wp-block-image size-large\"><img loading=\"lazy\" decoding=\"async\" width=\"2560\" height=\"1709\" data-id=\"1240\" src=\"https:\/\/www.pikniknauki.ur.edu.pl\/wp-content\/uploads\/2022\/07\/DSC_3696-scaled.jpg\" alt=\"\" class=\"wp-image-1240\" srcset=\"https:\/\/www.pikniknauki.ur.edu.pl\/wp-content\/uploads\/2022\/07\/DSC_3696-scaled.jpg 2560w, https:\/\/www.pikniknauki.ur.edu.pl\/wp-content\/uploads\/2022\/07\/DSC_3696-300x200.jpg 300w, https:\/\/www.pikniknauki.ur.edu.pl\/wp-content\/uploads\/2022\/07\/DSC_3696-1024x684.jpg 1024w, https:\/\/www.pikniknauki.ur.edu.pl\/wp-content\/uploads\/2022\/07\/DSC_3696-768x513.jpg 768w, https:\/\/www.pikniknauki.ur.edu.pl\/wp-content\/uploads\/2022\/07\/DSC_3696-1536x1025.jpg 1536w, https:\/\/www.pikniknauki.ur.edu.pl\/wp-content\/uploads\/2022\/07\/DSC_3696-2048x1367.jpg 2048w, https:\/\/www.pikniknauki.ur.edu.pl\/wp-content\/uploads\/2022\/07\/DSC_3696-960x641.jpg 960w\" sizes=\"auto, (max-width: 2560px) 100vw, 2560px\" \/><\/figure>\n\n\n\n<figure class=\"wp-block-image size-large\"><img loading=\"lazy\" decoding=\"async\" width=\"2560\" height=\"1709\" data-id=\"1241\" src=\"https:\/\/www.pikniknauki.ur.edu.pl\/wp-content\/uploads\/2022\/07\/DSC_3698-scaled.jpg\" alt=\"\" class=\"wp-image-1241\" srcset=\"https:\/\/www.pikniknauki.ur.edu.pl\/wp-content\/uploads\/2022\/07\/DSC_3698-scaled.jpg 2560w, https:\/\/www.pikniknauki.ur.edu.pl\/wp-content\/uploads\/2022\/07\/DSC_3698-300x200.jpg 300w, https:\/\/www.pikniknauki.ur.edu.pl\/wp-content\/uploads\/2022\/07\/DSC_3698-1024x684.jpg 1024w, https:\/\/www.pikniknauki.ur.edu.pl\/wp-content\/uploads\/2022\/07\/DSC_3698-768x513.jpg 768w, https:\/\/www.pikniknauki.ur.edu.pl\/wp-content\/uploads\/2022\/07\/DSC_3698-1536x1025.jpg 1536w, https:\/\/www.pikniknauki.ur.edu.pl\/wp-content\/uploads\/2022\/07\/DSC_3698-2048x1367.jpg 2048w, https:\/\/www.pikniknauki.ur.edu.pl\/wp-content\/uploads\/2022\/07\/DSC_3698-960x641.jpg 960w\" sizes=\"auto, (max-width: 2560px) 100vw, 2560px\" \/><\/figure>\n\n\n\n<figure class=\"wp-block-image size-large\"><img loading=\"lazy\" decoding=\"async\" width=\"2560\" height=\"1709\" data-id=\"1242\" src=\"https:\/\/www.pikniknauki.ur.edu.pl\/wp-content\/uploads\/2022\/07\/DSC_3756-scaled.jpg\" alt=\"\" class=\"wp-image-1242\" srcset=\"https:\/\/www.pikniknauki.ur.edu.pl\/wp-content\/uploads\/2022\/07\/DSC_3756-scaled.jpg 2560w, https:\/\/www.pikniknauki.ur.edu.pl\/wp-content\/uploads\/2022\/07\/DSC_3756-300x200.jpg 300w, https:\/\/www.pikniknauki.ur.edu.pl\/wp-content\/uploads\/2022\/07\/DSC_3756-1024x684.jpg 1024w, https:\/\/www.pikniknauki.ur.edu.pl\/wp-content\/uploads\/2022\/07\/DSC_3756-768x513.jpg 768w, https:\/\/www.pikniknauki.ur.edu.pl\/wp-content\/uploads\/2022\/07\/DSC_3756-1536x1025.jpg 1536w, https:\/\/www.pikniknauki.ur.edu.pl\/wp-content\/uploads\/2022\/07\/DSC_3756-2048x1367.jpg 2048w, https:\/\/www.pikniknauki.ur.edu.pl\/wp-content\/uploads\/2022\/07\/DSC_3756-960x641.jpg 960w\" sizes=\"auto, (max-width: 2560px) 100vw, 2560px\" \/><\/figure>\n\n\n\n<figure class=\"wp-block-image size-large\"><img loading=\"lazy\" decoding=\"async\" width=\"2560\" height=\"1709\" data-id=\"1243\" src=\"https:\/\/www.pikniknauki.ur.edu.pl\/wp-content\/uploads\/2022\/07\/DSC_3805-scaled.jpg\" alt=\"\" class=\"wp-image-1243\" srcset=\"https:\/\/www.pikniknauki.ur.edu.pl\/wp-content\/uploads\/2022\/07\/DSC_3805-scaled.jpg 2560w, https:\/\/www.pikniknauki.ur.edu.pl\/wp-content\/uploads\/2022\/07\/DSC_3805-300x200.jpg 300w, https:\/\/www.pikniknauki.ur.edu.pl\/wp-content\/uploads\/2022\/07\/DSC_3805-1024x684.jpg 1024w, https:\/\/www.pikniknauki.ur.edu.pl\/wp-content\/uploads\/2022\/07\/DSC_3805-768x513.jpg 768w, https:\/\/www.pikniknauki.ur.edu.pl\/wp-content\/uploads\/2022\/07\/DSC_3805-1536x1025.jpg 1536w, https:\/\/www.pikniknauki.ur.edu.pl\/wp-content\/uploads\/2022\/07\/DSC_3805-2048x1367.jpg 2048w, https:\/\/www.pikniknauki.ur.edu.pl\/wp-content\/uploads\/2022\/07\/DSC_3805-960x641.jpg 960w\" sizes=\"auto, (max-width: 2560px) 100vw, 2560px\" \/><\/figure>\n\n\n\n<figure class=\"wp-block-image size-large\"><img loading=\"lazy\" decoding=\"async\" width=\"2560\" height=\"1709\" data-id=\"1244\" src=\"https:\/\/www.pikniknauki.ur.edu.pl\/wp-content\/uploads\/2022\/07\/DSC_3828-scaled.jpg\" alt=\"\" class=\"wp-image-1244\" srcset=\"https:\/\/www.pikniknauki.ur.edu.pl\/wp-content\/uploads\/2022\/07\/DSC_3828-scaled.jpg 2560w, https:\/\/www.pikniknauki.ur.edu.pl\/wp-content\/uploads\/2022\/07\/DSC_3828-300x200.jpg 300w, https:\/\/www.pikniknauki.ur.edu.pl\/wp-content\/uploads\/2022\/07\/DSC_3828-1024x684.jpg 1024w, https:\/\/www.pikniknauki.ur.edu.pl\/wp-content\/uploads\/2022\/07\/DSC_3828-768x513.jpg 768w, https:\/\/www.pikniknauki.ur.edu.pl\/wp-content\/uploads\/2022\/07\/DSC_3828-1536x1025.jpg 1536w, https:\/\/www.pikniknauki.ur.edu.pl\/wp-content\/uploads\/2022\/07\/DSC_3828-2048x1367.jpg 2048w, https:\/\/www.pikniknauki.ur.edu.pl\/wp-content\/uploads\/2022\/07\/DSC_3828-960x641.jpg 960w\" sizes=\"auto, (max-width: 2560px) 100vw, 2560px\" \/><\/figure>\n\n\n\n<figure class=\"wp-block-image size-large\"><img loading=\"lazy\" decoding=\"async\" width=\"2560\" height=\"1709\" data-id=\"1245\" src=\"https:\/\/www.pikniknauki.ur.edu.pl\/wp-content\/uploads\/2022\/07\/DSC_3840-scaled.jpg\" alt=\"\" class=\"wp-image-1245\" srcset=\"https:\/\/www.pikniknauki.ur.edu.pl\/wp-content\/uploads\/2022\/07\/DSC_3840-scaled.jpg 2560w, https:\/\/www.pikniknauki.ur.edu.pl\/wp-content\/uploads\/2022\/07\/DSC_3840-300x200.jpg 300w, https:\/\/www.pikniknauki.ur.edu.pl\/wp-content\/uploads\/2022\/07\/DSC_3840-1024x684.jpg 1024w, https:\/\/www.pikniknauki.ur.edu.pl\/wp-content\/uploads\/2022\/07\/DSC_3840-768x513.jpg 768w, https:\/\/www.pikniknauki.ur.edu.pl\/wp-content\/uploads\/2022\/07\/DSC_3840-1536x1025.jpg 1536w, https:\/\/www.pikniknauki.ur.edu.pl\/wp-content\/uploads\/2022\/07\/DSC_3840-2048x1367.jpg 2048w, https:\/\/www.pikniknauki.ur.edu.pl\/wp-content\/uploads\/2022\/07\/DSC_3840-960x641.jpg 960w\" sizes=\"auto, (max-width: 2560px) 100vw, 2560px\" \/><\/figure>\n<figcaption class=\"blocks-gallery-caption\">fot. Beata Motyka PRz<\/figcaption><\/figure>\n<\/div>\n<\/div>\n<\/div>\n<\/div>\n\n\n\n<figure class=\"wp-block-image size-large\"><img loading=\"lazy\" decoding=\"async\" width=\"1024\" height=\"616\" src=\"https:\/\/www.pikniknauki.ur.edu.pl\/wp-content\/uploads\/2022\/07\/baner-na-www-ze-wszystkimi-logotypami-1024x616.jpg\" alt=\"\" class=\"wp-image-1153\" srcset=\"https:\/\/www.pikniknauki.ur.edu.pl\/wp-content\/uploads\/2022\/07\/baner-na-www-ze-wszystkimi-logotypami-1024x616.jpg 1024w, https:\/\/www.pikniknauki.ur.edu.pl\/wp-content\/uploads\/2022\/07\/baner-na-www-ze-wszystkimi-logotypami-300x180.jpg 300w, https:\/\/www.pikniknauki.ur.edu.pl\/wp-content\/uploads\/2022\/07\/baner-na-www-ze-wszystkimi-logotypami-768x462.jpg 768w, https:\/\/www.pikniknauki.ur.edu.pl\/wp-content\/uploads\/2022\/07\/baner-na-www-ze-wszystkimi-logotypami-1536x924.jpg 1536w, https:\/\/www.pikniknauki.ur.edu.pl\/wp-content\/uploads\/2022\/07\/baner-na-www-ze-wszystkimi-logotypami-2048x1231.jpg 2048w, https:\/\/www.pikniknauki.ur.edu.pl\/wp-content\/uploads\/2022\/07\/baner-na-www-ze-wszystkimi-logotypami-960x577.jpg 960w\" sizes=\"auto, (max-width: 1024px) 100vw, 1024px\" \/><\/figure>\n","protected":false},"excerpt":{"rendered":"<p>Zorganizowana przez Politechnik\u0119 Rzeszowsk\u0105 im. Ignacego \u0141ukasiewicza, po\u015bwi\u0119cona technice i technologiom lotniczym, cz\u0119\u015b\u0107 Pikniku Nauki EKSPLORACJE 2022 odby\u0142a si\u0119 w budynku Wydzia\u0142u Budowy Maszyn i Lotnictwa Politechniki Rzeszowskiej. Pasjonaci lotnictwa, kt\u00f3rzy przybyli w tym dniu do budynk\u00f3w Politechniki mogli pod okiem pracownik\u00f3w i student\u00f3w pilota\u017cu Politechniki Rzeszowskiej zwiedza\u0107 laboratoria i ekspozycje zwi\u0105zane z lotnictwem i <a href=\"https:\/\/www.pikniknauki.ur.edu.pl\/index.php\/historia-2010-2021\/pne-2022\/lotniczy-piatek\/\" class=\"more-link\">Czytaj dalej...<span class=\"screen-reader-text\"> \"Lotniczy Pi\u0105tek\"<\/span><\/a><\/p>\n","protected":false},"author":1,"featured_media":0,"parent":966,"menu_order":0,"comment_status":"closed","ping_status":"closed","template":"page-templates\/full-width.php","meta":{"footnotes":""},"class_list":["post-1238","page","type-page","status-publish","h-entry","hentry","h-as-page"],"_links":{"self":[{"href":"https:\/\/www.pikniknauki.ur.edu.pl\/index.php\/wp-json\/wp\/v2\/pages\/1238","targetHints":{"allow":["GET"]}}],"collection":[{"href":"https:\/\/www.pikniknauki.ur.edu.pl\/index.php\/wp-json\/wp\/v2\/pages"}],"about":[{"href":"https:\/\/www.pikniknauki.ur.edu.pl\/index.php\/wp-json\/wp\/v2\/types\/page"}],"author":[{"embeddable":true,"href":"https:\/\/www.pikniknauki.ur.edu.pl\/index.php\/wp-json\/wp\/v2\/users\/1"}],"replies":[{"embeddable":true,"href":"https:\/\/www.pikniknauki.ur.edu.pl\/index.php\/wp-json\/wp\/v2\/comments?post=1238"}],"version-history":[{"count":3,"href":"https:\/\/www.pikniknauki.ur.edu.pl\/index.php\/wp-json\/wp\/v2\/pages\/1238\/revisions"}],"predecessor-version":[{"id":1251,"href":"https:\/\/www.pikniknauki.ur.edu.pl\/index.php\/wp-json\/wp\/v2\/pages\/1238\/revisions\/1251"}],"up":[{"embeddable":true,"href":"https:\/\/www.pikniknauki.ur.edu.pl\/index.php\/wp-json\/wp\/v2\/pages\/966"}],"wp:attachment":[{"href":"https:\/\/www.pikniknauki.ur.edu.pl\/index.php\/wp-json\/wp\/v2\/media?parent=1238"}],"curies":[{"name":"wp","href":"https:\/\/api.w.org\/{rel}","templated":true}]}}