{"id":1223,"date":"2022-07-29T08:48:08","date_gmt":"2022-07-29T06:48:08","guid":{"rendered":"http:\/\/www.pikniknauki.ur.edu.pl\/?page_id=1223"},"modified":"2022-07-29T14:45:35","modified_gmt":"2022-07-29T12:45:35","slug":"muzyczny-czwartek-2","status":"publish","type":"page","link":"https:\/\/www.pikniknauki.ur.edu.pl\/index.php\/historia-2010-2021\/pne-2022\/muzyczny-czwartek-2\/","title":{"rendered":"Muzyczny Czwartek"},"content":{"rendered":"\n<figure class=\"wp-block-image size-large\"><img loading=\"lazy\" decoding=\"async\" width=\"1024\" height=\"155\" src=\"https:\/\/www.pikniknauki.ur.edu.pl\/wp-content\/uploads\/2022\/07\/muzyczny-czwartek-1024x155.jpg\" alt=\"\" class=\"wp-image-1169\" srcset=\"https:\/\/www.pikniknauki.ur.edu.pl\/wp-content\/uploads\/2022\/07\/muzyczny-czwartek-1024x155.jpg 1024w, https:\/\/www.pikniknauki.ur.edu.pl\/wp-content\/uploads\/2022\/07\/muzyczny-czwartek-300x45.jpg 300w, https:\/\/www.pikniknauki.ur.edu.pl\/wp-content\/uploads\/2022\/07\/muzyczny-czwartek-768x116.jpg 768w, https:\/\/www.pikniknauki.ur.edu.pl\/wp-content\/uploads\/2022\/07\/muzyczny-czwartek-1536x233.jpg 1536w, https:\/\/www.pikniknauki.ur.edu.pl\/wp-content\/uploads\/2022\/07\/muzyczny-czwartek-2048x310.jpg 2048w, https:\/\/www.pikniknauki.ur.edu.pl\/wp-content\/uploads\/2022\/07\/muzyczny-czwartek-960x145.jpg 960w\" sizes=\"auto, (max-width: 1024px) 100vw, 1024px\" \/><\/figure>\n\n\n\n<p>Kolejna cze\u015b\u0107 <strong>Pikniku Nauki <strong>EKSPLORACJE<\/strong> 2022<\/strong> mia\u0142a tak\u017ce miejsce w Wojew\u00f3dzkim Domu Kultury w Rzeszowie, a to z racji i\u017c by\u0142a to muzyczna historia o \u017cyciu wybitnego, polskiego wynalazcy Ignacego \u0141ukasiewicza, kt\u00f3r\u0105 z m\u0142odzie\u0144cz\u0105 brawur\u0105 wykonali na scenie WDK w Rzeszowie soli\u015bci i Ch\u00f3r Akademicki Politechniki Rzeszowskiej pod dyrekcj\u0105 pani <strong>Lidii Chmieli\u0144skiej<\/strong>.<br>Spektakl pod nazw\u0105 <strong><em>\u201eIgnacy \u0141ukasiewicz, nasz rodak i patron\u201d<\/em><\/strong>, kt\u00f3rego premiera odby\u0142a si\u0119 nieca\u0142e dwa miesi\u0105ce wcze\u015bniej,<br>jest musicalem, w kt\u00f3rym us\u0142ysze\u0107 mo\u017cna znane wszystkim piosenki oraz historie z \u017cycia wielkiego Polaka. Autorem scenariusza<br>i re\u017cyserem jest pan <strong>Tadeusz Urban<\/strong>, a opraw\u0119 muzyczn\u0105 zapewniaj\u0105 panowie <strong>Przemys\u0142aw Czekaj,<\/strong> <strong>Maciej Mik\u0142asz<\/strong> i <strong>Kamil Niemiec<\/strong>. W spektaklu uczestniczyli m.in. pan Prorektor ds. studenckich Politechniki Rzeszowskiej <strong>prof. dr hab. Grzegorz Ostasz<\/strong> i pan Dyrektor Wojew\u00f3dzkiego Domu Kultury w Rzeszowie <strong>Damian Dr\u0105g<\/strong>. W\u015br\u00f3d widz\u00f3w znacz\u0105c\u0105 grup\u0119 stanowili za\u015b m\u0142odzi ludzie - studenci rzeszowskich uczelni.<\/p>\n\n\n\n<figure class=\"wp-block-gallery has-nested-images columns-2 is-cropped wp-block-gallery-1 is-layout-flex wp-block-gallery-is-layout-flex\">\n<figure class=\"wp-block-image size-full\"><img loading=\"lazy\" decoding=\"async\" width=\"2560\" height=\"1709\" data-id=\"1224\" src=\"https:\/\/www.pikniknauki.ur.edu.pl\/wp-content\/uploads\/2022\/07\/DSC_3524-scaled.jpg\" alt=\"\" class=\"wp-image-1224\" srcset=\"https:\/\/www.pikniknauki.ur.edu.pl\/wp-content\/uploads\/2022\/07\/DSC_3524-scaled.jpg 2560w, https:\/\/www.pikniknauki.ur.edu.pl\/wp-content\/uploads\/2022\/07\/DSC_3524-300x200.jpg 300w, https:\/\/www.pikniknauki.ur.edu.pl\/wp-content\/uploads\/2022\/07\/DSC_3524-1024x684.jpg 1024w, https:\/\/www.pikniknauki.ur.edu.pl\/wp-content\/uploads\/2022\/07\/DSC_3524-768x513.jpg 768w, https:\/\/www.pikniknauki.ur.edu.pl\/wp-content\/uploads\/2022\/07\/DSC_3524-1536x1025.jpg 1536w, https:\/\/www.pikniknauki.ur.edu.pl\/wp-content\/uploads\/2022\/07\/DSC_3524-2048x1367.jpg 2048w, https:\/\/www.pikniknauki.ur.edu.pl\/wp-content\/uploads\/2022\/07\/DSC_3524-960x641.jpg 960w\" sizes=\"auto, (max-width: 2560px) 100vw, 2560px\" \/><\/figure>\n\n\n\n<figure class=\"wp-block-image size-full\"><img loading=\"lazy\" decoding=\"async\" width=\"2560\" height=\"1709\" data-id=\"1229\" src=\"https:\/\/www.pikniknauki.ur.edu.pl\/wp-content\/uploads\/2022\/07\/DSC_3529-scaled.jpg\" alt=\"\" class=\"wp-image-1229\" srcset=\"https:\/\/www.pikniknauki.ur.edu.pl\/wp-content\/uploads\/2022\/07\/DSC_3529-scaled.jpg 2560w, https:\/\/www.pikniknauki.ur.edu.pl\/wp-content\/uploads\/2022\/07\/DSC_3529-300x200.jpg 300w, https:\/\/www.pikniknauki.ur.edu.pl\/wp-content\/uploads\/2022\/07\/DSC_3529-1024x683.jpg 1024w, https:\/\/www.pikniknauki.ur.edu.pl\/wp-content\/uploads\/2022\/07\/DSC_3529-768x513.jpg 768w, https:\/\/www.pikniknauki.ur.edu.pl\/wp-content\/uploads\/2022\/07\/DSC_3529-1536x1025.jpg 1536w, https:\/\/www.pikniknauki.ur.edu.pl\/wp-content\/uploads\/2022\/07\/DSC_3529-2048x1367.jpg 2048w, https:\/\/www.pikniknauki.ur.edu.pl\/wp-content\/uploads\/2022\/07\/DSC_3529-960x641.jpg 960w\" sizes=\"auto, (max-width: 2560px) 100vw, 2560px\" \/><\/figure>\n\n\n\n<figure class=\"wp-block-image size-full\"><img loading=\"lazy\" decoding=\"async\" width=\"2560\" height=\"1709\" data-id=\"1227\" src=\"https:\/\/www.pikniknauki.ur.edu.pl\/wp-content\/uploads\/2022\/07\/DSC_3536-scaled.jpg\" alt=\"\" class=\"wp-image-1227\" srcset=\"https:\/\/www.pikniknauki.ur.edu.pl\/wp-content\/uploads\/2022\/07\/DSC_3536-scaled.jpg 2560w, https:\/\/www.pikniknauki.ur.edu.pl\/wp-content\/uploads\/2022\/07\/DSC_3536-300x200.jpg 300w, https:\/\/www.pikniknauki.ur.edu.pl\/wp-content\/uploads\/2022\/07\/DSC_3536-1024x684.jpg 1024w, https:\/\/www.pikniknauki.ur.edu.pl\/wp-content\/uploads\/2022\/07\/DSC_3536-768x513.jpg 768w, https:\/\/www.pikniknauki.ur.edu.pl\/wp-content\/uploads\/2022\/07\/DSC_3536-1536x1025.jpg 1536w, https:\/\/www.pikniknauki.ur.edu.pl\/wp-content\/uploads\/2022\/07\/DSC_3536-2048x1367.jpg 2048w, https:\/\/www.pikniknauki.ur.edu.pl\/wp-content\/uploads\/2022\/07\/DSC_3536-960x641.jpg 960w\" sizes=\"auto, (max-width: 2560px) 100vw, 2560px\" \/><\/figure>\n\n\n\n<figure class=\"wp-block-image size-full\"><img loading=\"lazy\" decoding=\"async\" width=\"2560\" height=\"1709\" data-id=\"1225\" src=\"https:\/\/www.pikniknauki.ur.edu.pl\/wp-content\/uploads\/2022\/07\/DSC_3569-scaled.jpg\" alt=\"\" class=\"wp-image-1225\" srcset=\"https:\/\/www.pikniknauki.ur.edu.pl\/wp-content\/uploads\/2022\/07\/DSC_3569-scaled.jpg 2560w, https:\/\/www.pikniknauki.ur.edu.pl\/wp-content\/uploads\/2022\/07\/DSC_3569-300x200.jpg 300w, https:\/\/www.pikniknauki.ur.edu.pl\/wp-content\/uploads\/2022\/07\/DSC_3569-1024x684.jpg 1024w, https:\/\/www.pikniknauki.ur.edu.pl\/wp-content\/uploads\/2022\/07\/DSC_3569-768x513.jpg 768w, https:\/\/www.pikniknauki.ur.edu.pl\/wp-content\/uploads\/2022\/07\/DSC_3569-1536x1025.jpg 1536w, https:\/\/www.pikniknauki.ur.edu.pl\/wp-content\/uploads\/2022\/07\/DSC_3569-2048x1367.jpg 2048w, https:\/\/www.pikniknauki.ur.edu.pl\/wp-content\/uploads\/2022\/07\/DSC_3569-960x641.jpg 960w\" sizes=\"auto, (max-width: 2560px) 100vw, 2560px\" \/><\/figure>\n\n\n\n<figure class=\"wp-block-image size-full\"><img loading=\"lazy\" decoding=\"async\" width=\"2560\" height=\"1709\" data-id=\"1226\" src=\"https:\/\/www.pikniknauki.ur.edu.pl\/wp-content\/uploads\/2022\/07\/DSC_3600-scaled.jpg\" alt=\"\" class=\"wp-image-1226\" srcset=\"https:\/\/www.pikniknauki.ur.edu.pl\/wp-content\/uploads\/2022\/07\/DSC_3600-scaled.jpg 2560w, https:\/\/www.pikniknauki.ur.edu.pl\/wp-content\/uploads\/2022\/07\/DSC_3600-300x200.jpg 300w, https:\/\/www.pikniknauki.ur.edu.pl\/wp-content\/uploads\/2022\/07\/DSC_3600-1024x684.jpg 1024w, https:\/\/www.pikniknauki.ur.edu.pl\/wp-content\/uploads\/2022\/07\/DSC_3600-768x513.jpg 768w, https:\/\/www.pikniknauki.ur.edu.pl\/wp-content\/uploads\/2022\/07\/DSC_3600-1536x1025.jpg 1536w, https:\/\/www.pikniknauki.ur.edu.pl\/wp-content\/uploads\/2022\/07\/DSC_3600-2048x1367.jpg 2048w, https:\/\/www.pikniknauki.ur.edu.pl\/wp-content\/uploads\/2022\/07\/DSC_3600-960x641.jpg 960w\" sizes=\"auto, (max-width: 2560px) 100vw, 2560px\" \/><\/figure>\n\n\n\n<figure class=\"wp-block-image size-full\"><img loading=\"lazy\" decoding=\"async\" width=\"2560\" height=\"1709\" data-id=\"1228\" src=\"https:\/\/www.pikniknauki.ur.edu.pl\/wp-content\/uploads\/2022\/07\/DSC_3606-scaled.jpg\" alt=\"\" class=\"wp-image-1228\" srcset=\"https:\/\/www.pikniknauki.ur.edu.pl\/wp-content\/uploads\/2022\/07\/DSC_3606-scaled.jpg 2560w, https:\/\/www.pikniknauki.ur.edu.pl\/wp-content\/uploads\/2022\/07\/DSC_3606-300x200.jpg 300w, https:\/\/www.pikniknauki.ur.edu.pl\/wp-content\/uploads\/2022\/07\/DSC_3606-1024x684.jpg 1024w, https:\/\/www.pikniknauki.ur.edu.pl\/wp-content\/uploads\/2022\/07\/DSC_3606-768x513.jpg 768w, https:\/\/www.pikniknauki.ur.edu.pl\/wp-content\/uploads\/2022\/07\/DSC_3606-1536x1025.jpg 1536w, https:\/\/www.pikniknauki.ur.edu.pl\/wp-content\/uploads\/2022\/07\/DSC_3606-2048x1367.jpg 2048w, https:\/\/www.pikniknauki.ur.edu.pl\/wp-content\/uploads\/2022\/07\/DSC_3606-960x641.jpg 960w\" sizes=\"auto, (max-width: 2560px) 100vw, 2560px\" \/><\/figure>\n\n\n\n<figure class=\"wp-block-image size-full\"><img loading=\"lazy\" decoding=\"async\" width=\"2560\" height=\"1707\" data-id=\"1231\" src=\"https:\/\/www.pikniknauki.ur.edu.pl\/wp-content\/uploads\/2022\/07\/LY5A2299-scaled.jpg\" alt=\"\" class=\"wp-image-1231\" srcset=\"https:\/\/www.pikniknauki.ur.edu.pl\/wp-content\/uploads\/2022\/07\/LY5A2299-scaled.jpg 2560w, https:\/\/www.pikniknauki.ur.edu.pl\/wp-content\/uploads\/2022\/07\/LY5A2299-300x200.jpg 300w, https:\/\/www.pikniknauki.ur.edu.pl\/wp-content\/uploads\/2022\/07\/LY5A2299-1024x683.jpg 1024w, https:\/\/www.pikniknauki.ur.edu.pl\/wp-content\/uploads\/2022\/07\/LY5A2299-768x512.jpg 768w, https:\/\/www.pikniknauki.ur.edu.pl\/wp-content\/uploads\/2022\/07\/LY5A2299-1536x1024.jpg 1536w, https:\/\/www.pikniknauki.ur.edu.pl\/wp-content\/uploads\/2022\/07\/LY5A2299-2048x1365.jpg 2048w, https:\/\/www.pikniknauki.ur.edu.pl\/wp-content\/uploads\/2022\/07\/LY5A2299-960x640.jpg 960w\" sizes=\"auto, (max-width: 2560px) 100vw, 2560px\" \/><\/figure>\n\n\n\n<figure class=\"wp-block-image size-full\"><img loading=\"lazy\" decoding=\"async\" width=\"2560\" height=\"1707\" data-id=\"1230\" src=\"https:\/\/www.pikniknauki.ur.edu.pl\/wp-content\/uploads\/2022\/07\/LY5A2339-scaled.jpg\" alt=\"\" class=\"wp-image-1230\" srcset=\"https:\/\/www.pikniknauki.ur.edu.pl\/wp-content\/uploads\/2022\/07\/LY5A2339-scaled.jpg 2560w, https:\/\/www.pikniknauki.ur.edu.pl\/wp-content\/uploads\/2022\/07\/LY5A2339-300x200.jpg 300w, https:\/\/www.pikniknauki.ur.edu.pl\/wp-content\/uploads\/2022\/07\/LY5A2339-1024x683.jpg 1024w, https:\/\/www.pikniknauki.ur.edu.pl\/wp-content\/uploads\/2022\/07\/LY5A2339-768x512.jpg 768w, https:\/\/www.pikniknauki.ur.edu.pl\/wp-content\/uploads\/2022\/07\/LY5A2339-1536x1024.jpg 1536w, https:\/\/www.pikniknauki.ur.edu.pl\/wp-content\/uploads\/2022\/07\/LY5A2339-2048x1365.jpg 2048w, https:\/\/www.pikniknauki.ur.edu.pl\/wp-content\/uploads\/2022\/07\/LY5A2339-960x640.jpg 960w\" sizes=\"auto, (max-width: 2560px) 100vw, 2560px\" \/><\/figure>\n<figcaption class=\"blocks-gallery-caption\">fot. Beata Motyka PRz<\/figcaption><\/figure>\n\n\n\n<figure class=\"wp-block-image size-large\"><img loading=\"lazy\" decoding=\"async\" width=\"1024\" height=\"616\" src=\"https:\/\/www.pikniknauki.ur.edu.pl\/wp-content\/uploads\/2022\/07\/baner-na-www-ze-wszystkimi-logotypami-1024x616.jpg\" alt=\"\" class=\"wp-image-1153\" srcset=\"https:\/\/www.pikniknauki.ur.edu.pl\/wp-content\/uploads\/2022\/07\/baner-na-www-ze-wszystkimi-logotypami-1024x616.jpg 1024w, https:\/\/www.pikniknauki.ur.edu.pl\/wp-content\/uploads\/2022\/07\/baner-na-www-ze-wszystkimi-logotypami-300x180.jpg 300w, https:\/\/www.pikniknauki.ur.edu.pl\/wp-content\/uploads\/2022\/07\/baner-na-www-ze-wszystkimi-logotypami-768x462.jpg 768w, https:\/\/www.pikniknauki.ur.edu.pl\/wp-content\/uploads\/2022\/07\/baner-na-www-ze-wszystkimi-logotypami-1536x924.jpg 1536w, https:\/\/www.pikniknauki.ur.edu.pl\/wp-content\/uploads\/2022\/07\/baner-na-www-ze-wszystkimi-logotypami-2048x1231.jpg 2048w, https:\/\/www.pikniknauki.ur.edu.pl\/wp-content\/uploads\/2022\/07\/baner-na-www-ze-wszystkimi-logotypami-960x577.jpg 960w\" sizes=\"auto, (max-width: 1024px) 100vw, 1024px\" \/><\/figure>\n","protected":false},"excerpt":{"rendered":"<p>Kolejna cze\u015b\u0107 Pikniku Nauki EKSPLORACJE 2022 mia\u0142a tak\u017ce miejsce w Wojew\u00f3dzkim Domu Kultury w Rzeszowie, a to z racji i\u017c by\u0142a to muzyczna historia o \u017cyciu wybitnego, polskiego wynalazcy Ignacego \u0141ukasiewicza, kt\u00f3r\u0105 z m\u0142odzie\u0144cz\u0105 brawur\u0105 wykonali na scenie WDK w Rzeszowie soli\u015bci i Ch\u00f3r Akademicki Politechniki Rzeszowskiej pod dyrekcj\u0105 pani Lidii Chmieli\u0144skiej.Spektakl pod nazw\u0105 \u201eIgnacy <a href=\"https:\/\/www.pikniknauki.ur.edu.pl\/index.php\/historia-2010-2021\/pne-2022\/muzyczny-czwartek-2\/\" class=\"more-link\">Czytaj dalej...<span class=\"screen-reader-text\"> \"Muzyczny Czwartek\"<\/span><\/a><\/p>\n","protected":false},"author":1,"featured_media":0,"parent":966,"menu_order":0,"comment_status":"closed","ping_status":"closed","template":"page-templates\/full-width.php","meta":{"footnotes":""},"class_list":["post-1223","page","type-page","status-publish","h-entry","hentry","h-as-page"],"_links":{"self":[{"href":"https:\/\/www.pikniknauki.ur.edu.pl\/index.php\/wp-json\/wp\/v2\/pages\/1223","targetHints":{"allow":["GET"]}}],"collection":[{"href":"https:\/\/www.pikniknauki.ur.edu.pl\/index.php\/wp-json\/wp\/v2\/pages"}],"about":[{"href":"https:\/\/www.pikniknauki.ur.edu.pl\/index.php\/wp-json\/wp\/v2\/types\/page"}],"author":[{"embeddable":true,"href":"https:\/\/www.pikniknauki.ur.edu.pl\/index.php\/wp-json\/wp\/v2\/users\/1"}],"replies":[{"embeddable":true,"href":"https:\/\/www.pikniknauki.ur.edu.pl\/index.php\/wp-json\/wp\/v2\/comments?post=1223"}],"version-history":[{"count":5,"href":"https:\/\/www.pikniknauki.ur.edu.pl\/index.php\/wp-json\/wp\/v2\/pages\/1223\/revisions"}],"predecessor-version":[{"id":1254,"href":"https:\/\/www.pikniknauki.ur.edu.pl\/index.php\/wp-json\/wp\/v2\/pages\/1223\/revisions\/1254"}],"up":[{"embeddable":true,"href":"https:\/\/www.pikniknauki.ur.edu.pl\/index.php\/wp-json\/wp\/v2\/pages\/966"}],"wp:attachment":[{"href":"https:\/\/www.pikniknauki.ur.edu.pl\/index.php\/wp-json\/wp\/v2\/media?parent=1223"}],"curies":[{"name":"wp","href":"https:\/\/api.w.org\/{rel}","templated":true}]}}